{"id":1937,"date":"2023-02-03T07:32:26","date_gmt":"2023-02-03T07:32:26","guid":{"rendered":"https:\/\/sarahsfund.ca\/about-sarah\/"},"modified":"2025-03-20T19:07:55","modified_gmt":"2025-03-20T19:07:55","slug":"a-propos-sarah","status":"publish","type":"page","link":"https:\/\/sarahsfund.ca\/fr\/a-propos-sarah\/","title":{"rendered":"\u00c0 propos sarah"},"content":{"rendered":"\t\t<div data-elementor-type=\"wp-page\" data-elementor-id=\"1937\" class=\"elementor elementor-1937 elementor-1918\">\n\t\t\t\t\t\t<section class=\"elementor-section elementor-top-section elementor-element elementor-element-03a3170 elementor-section-stretched elementor-section-height-min-height elementor-section-items-bottom elementor-section-boxed elementor-section-height-default\" data-id=\"03a3170\" data-element_type=\"section\" data-settings=\"{&quot;stretch_section&quot;:&quot;section-stretched&quot;,&quot;background_background&quot;:&quot;classic&quot;}\">\n\t\t\t\t\t\t<div class=\"elementor-container elementor-column-gap-default\">\n\t\t\t\t\t<div class=\"elementor-column elementor-col-100 elementor-top-column elementor-element elementor-element-1c9d890\" data-id=\"1c9d890\" data-element_type=\"column\">\n\t\t\t<div class=\"elementor-widget-wrap elementor-element-populated\">\n\t\t\t\t\t\t<div class=\"elementor-element elementor-element-add59b1 hero_section elementor-widget elementor-widget-heading\" data-id=\"add59b1\" data-element_type=\"widget\" data-widget_type=\"heading.default\">\n\t\t\t\t<div class=\"elementor-widget-container\">\n\t\t\t\t\t<h2 class=\"elementor-heading-title elementor-size-default\">Rencontrez <span class=\"extra_bold\">Sarah<br>Cook<\/span><\/h2>\t\t\t\t<\/div>\n\t\t\t\t<\/div>\n\t\t\t\t\t<\/div>\n\t\t<\/div>\n\t\t\t\t\t<\/div>\n\t\t<\/section>\n\t\t\t\t<section class=\"elementor-section elementor-top-section elementor-element elementor-element-5edde52e elementor-section-boxed elementor-section-height-default elementor-section-height-default\" data-id=\"5edde52e\" data-element_type=\"section\">\n\t\t\t\t\t\t<div class=\"elementor-container elementor-column-gap-default\">\n\t\t\t\t\t<div class=\"elementor-column elementor-col-100 elementor-top-column elementor-element elementor-element-5af611dc\" data-id=\"5af611dc\" data-element_type=\"column\">\n\t\t\t<div class=\"elementor-widget-wrap elementor-element-populated\">\n\t\t\t\t\t\t<div class=\"elementor-element elementor-element-13a47f4 elementor-widget elementor-widget-text-editor\" data-id=\"13a47f4\" data-element_type=\"widget\" data-widget_type=\"text-editor.default\">\n\t\t\t\t<div class=\"elementor-widget-container\">\n\t\t\t\t\t\t\t\t\tAux donateurs, aux commanditaires, aux patients et \u00e0 leurs familles,\t\t\t\t\t\t\t\t<\/div>\n\t\t\t\t<\/div>\n\t\t\t\t<div class=\"elementor-element elementor-element-a3c10a1 elementor-widget elementor-widget-text-editor\" data-id=\"a3c10a1\" data-element_type=\"widget\" data-widget_type=\"text-editor.default\">\n\t\t\t\t<div class=\"elementor-widget-container\">\n\t\t\t\t\t\t\t\t\t<p>\u00c0 8 ans, alors que la plupart des enfants m\u00e8nent une vie insouciante, j\u2019ai re\u00e7u un diagnostic de cancer qui m\u2019a oblig\u00e9e \u00e0 lutter pour survivre. Je suis certaine que je ne serais pas ici aujourd\u2019hui sans le soutien que j\u2019ai re\u00e7u de la part de ma famille extraordinaire, de l\u2019\u00e9quipe de classe mondiale du Children\u2019s et de la communaut\u00e9 qui s\u2019est rassembl\u00e9e autour de moi. Des amis ont amass\u00e9 des fonds en organisant des kiosques de limonade et en renon\u00e7ant \u00e0 leurs cadeaux d\u2019anniversaire pour m\u2019aider et aider d\u2019autres enfants atteints de cancer, d\u2019abord seuls puis, au fil des ann\u00e9es, dans le cadre de l\u2019\u00e9v\u00e9nement&nbsp; Fl\u00e2nons dans la course et d\u2019autres \u00e9v\u00e9nements tiers.<\/p>\t\t\t\t\t\t\t\t<\/div>\n\t\t\t\t<\/div>\n\t\t\t\t<div class=\"elementor-element elementor-element-6d162ad elementor-widget elementor-widget-text-editor\" data-id=\"6d162ad\" data-element_type=\"widget\" data-widget_type=\"text-editor.default\">\n\t\t\t\t<div class=\"elementor-widget-container\">\n\t\t\t\t\t\t\t\t\t<p>Tant de choses ont chang\u00e9 depuis la cr\u00e9ation du Fonds de Sarah des C\u00e8dres il y a plus de 24 ans; par contre, ce qui n\u2019a pas chang\u00e9 c\u2019est que chaque jour, des enfants atteints de cancer doivent affronter des d\u00e9fis avec lesquels ils ne devraient jamais avoir \u00e0 composer. En l\u2019absence d\u2019un rem\u00e8de, nous devons continuer \u00e0 les soutenir dans ce combat. Et c\u2019est ainsi que le Fonds de Sarah est n\u00e9, afin d\u2019offrir les meilleurs soins possibles \u00e0 nos jeunes h\u00e9ros qui luttent chaque jour contre le cancer.<\/p>\t\t\t\t\t\t\t\t<\/div>\n\t\t\t\t<\/div>\n\t\t\t\t<div class=\"elementor-element elementor-element-31c0d20 elementor-widget elementor-widget-text-editor\" data-id=\"31c0d20\" data-element_type=\"widget\" data-widget_type=\"text-editor.default\">\n\t\t\t\t<div class=\"elementor-widget-container\">\n\t\t\t\t\t\t\t\t\tJ\u2019ai tiss\u00e9 des liens profonds avec tous ceux qui ont franchi notre porte, m\u00eame s\u2019il s\u2019agit de liens que je ne souhaite \u00e0 personne. C\u2019est une p\u00e9riode terrifiante et \u00e9prouvante; nul ne peut le nier. Cependant, je tiens \u00e0 ce que vous reteniez une chose importante : votre cancer ne vous d\u00e9finit pas, et rien ne vous emp\u00eachera d\u2019aller l\u00e0 o\u00f9 vous voulez.\t\t\t\t\t\t\t\t<\/div>\n\t\t\t\t<\/div>\n\t\t\t\t<div class=\"elementor-element elementor-element-d2e9d8a elementor-widget elementor-widget-text-editor\" data-id=\"d2e9d8a\" data-element_type=\"widget\" data-widget_type=\"text-editor.default\">\n\t\t\t\t<div class=\"elementor-widget-container\">\n\t\t\t\t\t\t\t\t\t<p>En tant que personne ayant surv\u00e9cu trois fois au cancer et maintenant en bonne sant\u00e9 et en mesure de r\u00e9aliser ses r\u00eaves, je veux montrer aux enfants de l\u2019Unit\u00e9 de soins de Sarah que leur cancer n\u2019est pas une finalit\u00e9.\u00a0Le soutien apport\u00e9 par le Fonds de Sarah \u00e0 la division d\u2019h\u00e9matologie-oncologie de l\u2019H\u00f4pital de Montr\u00e9al pour enfants a donn\u00e9 des r\u00e9sultats transformateurs, notamment des am\u00e9liorations \u00e0 la fine pointe pour les salles de traitement et les laboratoires de recherche, ainsi que le financement de l\u2019Unit\u00e9 de soins de Sarah pour les patients hospitalis\u00e9s en h\u00e9matologie-oncologie.<\/p><p>Je suis extr\u00eamement reconnaissante de pouvoir transmettre \u00e0 mon tour l\u2019espoir et le courage qui m\u2019ont inspir\u00e9e lors de mon propre combat. Je veux continuer \u00e0 outiller les enfants et les jeunes adultes atteints de cancer, \u00e0 fournir \u00e0 leurs familles les ressources et le soutien dont elles ont tant besoin, \u00e0 leur faciliter la vie et \u00e0 leur rappeler qu\u2019ils ne sont pas seuls dans cette aventure.<\/p>\t\t\t\t\t\t\t\t<\/div>\n\t\t\t\t<\/div>\n\t\t\t\t<div class=\"elementor-element elementor-element-c61bdd4 elementor-widget elementor-widget-text-editor\" data-id=\"c61bdd4\" data-element_type=\"widget\" data-widget_type=\"text-editor.default\">\n\t\t\t\t<div class=\"elementor-widget-container\">\n\t\t\t\t\t\t\t\t\t<p>En faisant un don au Fonds de Sarah des C\u00e8dres, vous cheminez vous aussi \u00e0 leurs c\u00f4t\u00e9s; vous contribuez \u00e0 les encourager tout au long de leur parcours unique et vous veillez \u00e0 ce que personne ne chemine seul. <\/p>\t\t\t\t\t\t\t\t<\/div>\n\t\t\t\t<\/div>\n\t\t\t\t<div class=\"elementor-element elementor-element-3fe0970 elementor-widget elementor-widget-text-editor\" data-id=\"3fe0970\" data-element_type=\"widget\" data-widget_type=\"text-editor.default\">\n\t\t\t\t<div class=\"elementor-widget-container\">\n\t\t\t\t\t\t\t\t\t<p>Je vous remercie pour le soutien que vous nous apportez depuis plus de 24 ans. Merci de contribuer \u00e0 ce que les enfants qui fr\u00e9quentent l\u2019unit\u00e9 de soins de Sarah au Children re\u00e7oivent les meilleurs soins et toutes les ressources dont ils ont besoin pour y puiser force et courage. Nous devons aller de l\u2019avant ensemble, jusqu\u2019\u00e0 ce que le cancer soit chose du pass\u00e9.<\/p>\t\t\t\t\t\t\t\t<\/div>\n\t\t\t\t<\/div>\n\t\t\t\t<div class=\"elementor-element elementor-element-4682b35 elementor-widget elementor-widget-text-editor\" data-id=\"4682b35\" data-element_type=\"widget\" data-widget_type=\"text-editor.default\">\n\t\t\t\t<div class=\"elementor-widget-container\">\n\t\t\t\t\t\t\t\t\tEn vous remerciant du fond du c\u0153ur,\t\t\t\t\t\t\t\t<\/div>\n\t\t\t\t<\/div>\n\t\t\t\t<div class=\"elementor-element elementor-element-297438f elementor-widget elementor-widget-text-editor\" data-id=\"297438f\" data-element_type=\"widget\" data-widget_type=\"text-editor.default\">\n\t\t\t\t<div class=\"elementor-widget-container\">\n\t\t\t\t\t\t\t\t\tSarah\t\t\t\t\t\t\t\t<\/div>\n\t\t\t\t<\/div>\n\t\t\t\t\t<\/div>\n\t\t<\/div>\n\t\t\t\t\t<\/div>\n\t\t<\/section>\n\t\t\t\t<\/div>\n\t\t","protected":false},"excerpt":{"rendered":"<p>Rencontrez SarahCook Aux donateurs, aux commanditaires, aux patients et \u00e0 leurs familles, \u00c0 8 ans, alors que la plupart des enfants m\u00e8nent une vie insouciante, j\u2019ai re\u00e7u un diagnostic de cancer qui m\u2019a oblig\u00e9e \u00e0 lutter pour survivre. Je suis certaine que je ne serais pas ici aujourd\u2019hui sans le soutien que j\u2019ai re\u00e7u de [&hellip;]<\/p>\n","protected":false},"author":1,"featured_media":0,"parent":0,"menu_order":0,"comment_status":"closed","ping_status":"closed","template":"elementor_header_footer","meta":{"footnotes":""},"class_list":["post-1937","page","type-page","status-publish","hentry"],"yoast_head":"<!-- This site is optimized with the Yoast SEO plugin v24.2 - https:\/\/yoast.com\/wordpress\/plugins\/seo\/ -->\n<title>\u00c0 propos sarah - Sarahs Fund<\/title>\n<meta name=\"robots\" content=\"index, follow, max-snippet:-1, max-image-preview:large, max-video-preview:-1\" \/>\n<link rel=\"canonical\" href=\"https:\/\/sarahsfund.ca\/fr\/a-propos-sarah\/\" \/>\n<meta property=\"og:locale\" content=\"fr_FR\" \/>\n<meta property=\"og:type\" content=\"article\" \/>\n<meta property=\"og:title\" content=\"\u00c0 propos sarah - Sarahs Fund\" \/>\n<meta property=\"og:description\" content=\"Rencontrez SarahCook Aux donateurs, aux commanditaires, aux patients et \u00e0 leurs familles, \u00c0 8 ans, alors que la plupart des enfants m\u00e8nent une vie insouciante, j\u2019ai re\u00e7u un diagnostic de cancer qui m\u2019a oblig\u00e9e \u00e0 lutter pour survivre. Je suis certaine que je ne serais pas ici aujourd\u2019hui sans le soutien que j\u2019ai re\u00e7u de [&hellip;]\" \/>\n<meta property=\"og:url\" content=\"https:\/\/sarahsfund.ca\/fr\/a-propos-sarah\/\" \/>\n<meta property=\"og:site_name\" content=\"Sarahs Fund\" \/>\n<meta property=\"article:publisher\" content=\"https:\/\/www.facebook.com\/Fondssarah.sarahsfundcedars\" \/>\n<meta property=\"article:modified_time\" content=\"2025-03-20T19:07:55+00:00\" \/>\n<meta name=\"twitter:card\" content=\"summary_large_image\" \/>\n<meta name=\"twitter:label1\" content=\"Dur\u00e9e de lecture estim\u00e9e\" \/>\n\t<meta name=\"twitter:data1\" content=\"3 minutes\" \/>\n<script type=\"application\/ld+json\" class=\"yoast-schema-graph\">{\"@context\":\"https:\/\/schema.org\",\"@graph\":[{\"@type\":\"WebPage\",\"@id\":\"https:\/\/sarahsfund.ca\/fr\/a-propos-sarah\/\",\"url\":\"https:\/\/sarahsfund.ca\/fr\/a-propos-sarah\/\",\"name\":\"\u00c0 propos sarah - Sarahs Fund\",\"isPartOf\":{\"@id\":\"https:\/\/sarahsfund.ca\/#website\"},\"datePublished\":\"2023-02-03T07:32:26+00:00\",\"dateModified\":\"2025-03-20T19:07:55+00:00\",\"breadcrumb\":{\"@id\":\"https:\/\/sarahsfund.ca\/fr\/a-propos-sarah\/#breadcrumb\"},\"inLanguage\":\"fr-FR\",\"potentialAction\":[{\"@type\":\"ReadAction\",\"target\":[\"https:\/\/sarahsfund.ca\/fr\/a-propos-sarah\/\"]}]},{\"@type\":\"BreadcrumbList\",\"@id\":\"https:\/\/sarahsfund.ca\/fr\/a-propos-sarah\/#breadcrumb\",\"itemListElement\":[{\"@type\":\"ListItem\",\"position\":1,\"name\":\"Home\",\"item\":\"https:\/\/sarahsfund.ca\/fr\/\"},{\"@type\":\"ListItem\",\"position\":2,\"name\":\"\u00c0 propos sarah\"}]},{\"@type\":\"WebSite\",\"@id\":\"https:\/\/sarahsfund.ca\/#website\",\"url\":\"https:\/\/sarahsfund.ca\/\",\"name\":\"Sarahs Fund\",\"description\":\"\",\"publisher\":{\"@id\":\"https:\/\/sarahsfund.ca\/#organization\"},\"potentialAction\":[{\"@type\":\"SearchAction\",\"target\":{\"@type\":\"EntryPoint\",\"urlTemplate\":\"https:\/\/sarahsfund.ca\/?s={search_term_string}\"},\"query-input\":{\"@type\":\"PropertyValueSpecification\",\"valueRequired\":true,\"valueName\":\"search_term_string\"}}],\"inLanguage\":\"fr-FR\"},{\"@type\":\"Organization\",\"@id\":\"https:\/\/sarahsfund.ca\/#organization\",\"name\":\"Sarahs Fund\",\"url\":\"https:\/\/sarahsfund.ca\/\",\"logo\":{\"@type\":\"ImageObject\",\"inLanguage\":\"fr-FR\",\"@id\":\"https:\/\/sarahsfund.ca\/#\/schema\/logo\/image\/\",\"url\":\"https:\/\/sarahsfund.ca\/wp-content\/uploads\/2023\/01\/sarah-logo.png\",\"contentUrl\":\"https:\/\/sarahsfund.ca\/wp-content\/uploads\/2023\/01\/sarah-logo.png\",\"width\":230,\"height\":160,\"caption\":\"Sarahs Fund\"},\"image\":{\"@id\":\"https:\/\/sarahsfund.ca\/#\/schema\/logo\/image\/\"},\"sameAs\":[\"https:\/\/www.facebook.com\/Fondssarah.sarahsfundcedars\",\"https:\/\/www.instagram.com\/fondssarah_sarahsfundcedars\/\"]}]}<\/script>\n<!-- \/ Yoast SEO plugin. -->","yoast_head_json":{"title":"\u00c0 propos sarah - Sarahs Fund","robots":{"index":"index","follow":"follow","max-snippet":"max-snippet:-1","max-image-preview":"max-image-preview:large","max-video-preview":"max-video-preview:-1"},"canonical":"https:\/\/sarahsfund.ca\/fr\/a-propos-sarah\/","og_locale":"fr_FR","og_type":"article","og_title":"\u00c0 propos sarah - Sarahs Fund","og_description":"Rencontrez SarahCook Aux donateurs, aux commanditaires, aux patients et \u00e0 leurs familles, \u00c0 8 ans, alors que la plupart des enfants m\u00e8nent une vie insouciante, j\u2019ai re\u00e7u un diagnostic de cancer qui m\u2019a oblig\u00e9e \u00e0 lutter pour survivre. Je suis certaine que je ne serais pas ici aujourd\u2019hui sans le soutien que j\u2019ai re\u00e7u de [&hellip;]","og_url":"https:\/\/sarahsfund.ca\/fr\/a-propos-sarah\/","og_site_name":"Sarahs Fund","article_publisher":"https:\/\/www.facebook.com\/Fondssarah.sarahsfundcedars","article_modified_time":"2025-03-20T19:07:55+00:00","twitter_card":"summary_large_image","twitter_misc":{"Dur\u00e9e de lecture estim\u00e9e":"3 minutes"},"schema":{"@context":"https:\/\/schema.org","@graph":[{"@type":"WebPage","@id":"https:\/\/sarahsfund.ca\/fr\/a-propos-sarah\/","url":"https:\/\/sarahsfund.ca\/fr\/a-propos-sarah\/","name":"\u00c0 propos sarah - Sarahs Fund","isPartOf":{"@id":"https:\/\/sarahsfund.ca\/#website"},"datePublished":"2023-02-03T07:32:26+00:00","dateModified":"2025-03-20T19:07:55+00:00","breadcrumb":{"@id":"https:\/\/sarahsfund.ca\/fr\/a-propos-sarah\/#breadcrumb"},"inLanguage":"fr-FR","potentialAction":[{"@type":"ReadAction","target":["https:\/\/sarahsfund.ca\/fr\/a-propos-sarah\/"]}]},{"@type":"BreadcrumbList","@id":"https:\/\/sarahsfund.ca\/fr\/a-propos-sarah\/#breadcrumb","itemListElement":[{"@type":"ListItem","position":1,"name":"Home","item":"https:\/\/sarahsfund.ca\/fr\/"},{"@type":"ListItem","position":2,"name":"\u00c0 propos sarah"}]},{"@type":"WebSite","@id":"https:\/\/sarahsfund.ca\/#website","url":"https:\/\/sarahsfund.ca\/","name":"Sarahs Fund","description":"","publisher":{"@id":"https:\/\/sarahsfund.ca\/#organization"},"potentialAction":[{"@type":"SearchAction","target":{"@type":"EntryPoint","urlTemplate":"https:\/\/sarahsfund.ca\/?s={search_term_string}"},"query-input":{"@type":"PropertyValueSpecification","valueRequired":true,"valueName":"search_term_string"}}],"inLanguage":"fr-FR"},{"@type":"Organization","@id":"https:\/\/sarahsfund.ca\/#organization","name":"Sarahs Fund","url":"https:\/\/sarahsfund.ca\/","logo":{"@type":"ImageObject","inLanguage":"fr-FR","@id":"https:\/\/sarahsfund.ca\/#\/schema\/logo\/image\/","url":"https:\/\/sarahsfund.ca\/wp-content\/uploads\/2023\/01\/sarah-logo.png","contentUrl":"https:\/\/sarahsfund.ca\/wp-content\/uploads\/2023\/01\/sarah-logo.png","width":230,"height":160,"caption":"Sarahs Fund"},"image":{"@id":"https:\/\/sarahsfund.ca\/#\/schema\/logo\/image\/"},"sameAs":["https:\/\/www.facebook.com\/Fondssarah.sarahsfundcedars","https:\/\/www.instagram.com\/fondssarah_sarahsfundcedars\/"]}]}},"_links":{"self":[{"href":"https:\/\/sarahsfund.ca\/fr\/wp-json\/wp\/v2\/pages\/1937","targetHints":{"allow":["GET"]}}],"collection":[{"href":"https:\/\/sarahsfund.ca\/fr\/wp-json\/wp\/v2\/pages"}],"about":[{"href":"https:\/\/sarahsfund.ca\/fr\/wp-json\/wp\/v2\/types\/page"}],"author":[{"embeddable":true,"href":"https:\/\/sarahsfund.ca\/fr\/wp-json\/wp\/v2\/users\/1"}],"replies":[{"embeddable":true,"href":"https:\/\/sarahsfund.ca\/fr\/wp-json\/wp\/v2\/comments?post=1937"}],"version-history":[{"count":17,"href":"https:\/\/sarahsfund.ca\/fr\/wp-json\/wp\/v2\/pages\/1937\/revisions"}],"predecessor-version":[{"id":4494,"href":"https:\/\/sarahsfund.ca\/fr\/wp-json\/wp\/v2\/pages\/1937\/revisions\/4494"}],"wp:attachment":[{"href":"https:\/\/sarahsfund.ca\/fr\/wp-json\/wp\/v2\/media?parent=1937"}],"curies":[{"name":"wp","href":"https:\/\/api.w.org\/{rel}","templated":true}]}}