{"id":2062,"date":"2023-02-03T11:32:28","date_gmt":"2023-02-03T11:32:28","guid":{"rendered":"https:\/\/sarahsfund.ca\/site-map\/"},"modified":"2023-04-03T11:56:30","modified_gmt":"2023-04-03T11:56:30","slug":"site-map","status":"publish","type":"page","link":"https:\/\/sarahsfund.ca\/fr\/site-map\/","title":{"rendered":"Site Map"},"content":{"rendered":"\t\t<div data-elementor-type=\"wp-page\" data-elementor-id=\"2062\" class=\"elementor elementor-2062 elementor-2060\">\n\t\t\t\t\t\t<section class=\"elementor-section elementor-top-section elementor-element elementor-element-7b65733c elementor-section-boxed elementor-section-height-default elementor-section-height-default\" data-id=\"7b65733c\" data-element_type=\"section\">\n\t\t\t\t\t\t<div class=\"elementor-container elementor-column-gap-default\">\n\t\t\t\t\t<div class=\"elementor-column elementor-col-100 elementor-top-column elementor-element elementor-element-7a354d98\" data-id=\"7a354d98\" data-element_type=\"column\">\n\t\t\t<div class=\"elementor-widget-wrap elementor-element-populated\">\n\t\t\t\t\t\t<div class=\"elementor-element elementor-element-d264f17 elementor-widget elementor-widget-text-editor\" data-id=\"d264f17\" data-element_type=\"widget\" data-widget_type=\"text-editor.default\">\n\t\t\t\t<div class=\"elementor-widget-container\">\n\t\t\t\t\t\t\t\t\t<div>\n\n<a class=\"link\" href=\"https:\/\/sarahsfund.ca\/fr\/a-propos-de-nous\/\">\u00c0 propos de nous<\/a>\n<ul>\n \t<li><a class=\"link\" href=\"https:\/\/sarahsfund.ca\/fr\/a-propos-de-nous\/#mission\">Notre mission<\/a><\/li>\n \t<li><a class=\"link\" href=\"https:\/\/sarahsfund.ca\/fr\/a-propos-de-nous\/#vision\">Notre vision<\/a><\/li>\n \t<li><a class=\"link\" href=\"https:\/\/sarahsfund.ca\/fr\/a-propos-de-nous\/#a-propos-de-sarah-cook\">\u00c0 propos de Sarah Cook<\/a><\/li>\n \t<li><a class=\"link\" href=\"https:\/\/sarahsfund.ca\/fr\/a-propos-de-nous\/#message-de-la-fondatrice\">Message de la fondatrice<\/a><\/li>\n<\/ul>\n<\/div>\t\t\t\t\t\t\t\t<\/div>\n\t\t\t\t<\/div>\n\t\t\t\t<div class=\"elementor-element elementor-element-93d8d93 elementor-widget elementor-widget-text-editor\" data-id=\"93d8d93\" data-element_type=\"widget\" data-widget_type=\"text-editor.default\">\n\t\t\t\t<div class=\"elementor-widget-container\">\n\t\t\t\t\t\t\t\t\t<div>\n\n<a class=\"link\" href=\"https:\/\/sarahsfund.ca\/fr\/retombees\/\">Retomb\u00e9es<\/a>\n<ul>\n \t<li><a class=\"link\" href=\"https:\/\/sarahsfund.ca\/fr\/retombees\/#notre-principal-centre-dinteret\">Nos priorit\u00e9s<\/a><\/li>\n \t<li><a class=\"link\" href=\"https:\/\/sarahsfund.ca\/fr\/retombees\/#a-propos-de-lunite-de-soins-de-sarah\">\u00c0 propos de l\u2019unit\u00e9 de soins de Sarah<\/a><\/li>\n \t<li><a class=\"link\" href=\"https:\/\/sarahsfund.ca\/fr\/retombees\/#nos-programmes\">Nos programmes<\/a><\/li>\n \t<li><a class=\"link\" href=\"https:\/\/sarahsfund.ca\/fr\/retombees\/#recherche-et-innovation\">Recherche et innovation<\/a><\/li>\n \t<li><a class=\"link\" href=\"https:\/\/sarahsfund.ca\/fr\/retombees\/#formation\">Formation<\/a><\/li>\n<\/ul>\n<\/div>\t\t\t\t\t\t\t\t<\/div>\n\t\t\t\t<\/div>\n\t\t\t\t<div class=\"elementor-element elementor-element-b3e9c75 elementor-widget elementor-widget-text-editor\" data-id=\"b3e9c75\" data-element_type=\"widget\" data-widget_type=\"text-editor.default\">\n\t\t\t\t<div class=\"elementor-widget-container\">\n\t\t\t\t\t\t\t\t\t<div>\n<a class=\"link\" href=\"https:\/\/sarahsfund.ca\/fr\/evenements\/\">\u00c9v\u00e9nements<\/a>\n<ul>\n \t<li><a class=\"link\" href=\"https:\/\/sarahsfund.ca\/fr\/evenements\/#plongeons-dans-la-course\">Plongeons dans la course<\/a><\/li>\n \t<li><a class=\"link\" href=\"https:\/\/sarahsfund.ca\/fr\/autres-evenements\/\">Autres \u00e9v\u00e9nements<\/a><\/li>\n<\/ul>\n<\/div>\t\t\t\t\t\t\t\t<\/div>\n\t\t\t\t<\/div>\n\t\t\t\t<div class=\"elementor-element elementor-element-89249d1 elementor-widget elementor-widget-text-editor\" data-id=\"89249d1\" data-element_type=\"widget\" data-widget_type=\"text-editor.default\">\n\t\t\t\t<div class=\"elementor-widget-container\">\n\t\t\t\t\t\t\t\t\t<div>\n<a class=\"link\" href=\"https:\/\/sarahsfund.ca\/fr\/donner\/\">Donner<\/a>\n<ul>\n \t<li><a class=\"link\" href=\"https:\/\/sarahsfund.ca\/fr\/donner\/#don-mensuel\">Don mensuel<\/a><\/li>\n \t<li><a class=\"link\" href=\"https:\/\/sarahsfund.ca\/fr\/donner\/#don-unique\">Don unique<\/a><\/li>\n \t<li><a class=\"link\" href=\"https:\/\/sarahsfund.ca\/fr\/donner\/#don-commemoratifs\">Don \u00e0 la m\u00e9moire d\u2019une personne ou en hommage \u00e0 une personne<\/a><\/li>\n \t<li><a class=\"link\" href=\"https:\/\/sarahsfund.ca\/fr\/donner\/#occasions-a-saisir-par-les-entreprises\">Occasions \u00e0 saisir par les entreprises<\/a><\/li>\n<\/ul>\n<\/div>\t\t\t\t\t\t\t\t<\/div>\n\t\t\t\t<\/div>\n\t\t\t\t<div class=\"elementor-element elementor-element-75a077f elementor-widget elementor-widget-text-editor\" data-id=\"75a077f\" data-element_type=\"widget\" data-widget_type=\"text-editor.default\">\n\t\t\t\t<div class=\"elementor-widget-container\">\n\t\t\t\t\t\t\t\t\t<a class=\"link\" href=\"https:\/\/sarahsfund.ca\/fr\/nous-joindre\/\">Nous Joindre<\/a>\t\t\t\t\t\t\t\t<\/div>\n\t\t\t\t<\/div>\n\t\t\t\t<div class=\"elementor-element elementor-element-9bb2469 elementor-widget elementor-widget-text-editor\" data-id=\"9bb2469\" data-element_type=\"widget\" data-widget_type=\"text-editor.default\">\n\t\t\t\t<div class=\"elementor-widget-container\">\n\t\t\t\t\t\t\t\t\t<a class=\"link\" href=\"https:\/\/sarahsfund.ca\/fr\/avis-de-non-responsabilite\/\">Avis de non-responsabilit\u00e9<\/a>\n\t\t\t\t\t\t\t\t<\/div>\n\t\t\t\t<\/div>\n\t\t\t\t<div class=\"elementor-element elementor-element-cd4e4d0 elementor-widget elementor-widget-text-editor\" data-id=\"cd4e4d0\" data-element_type=\"widget\" data-widget_type=\"text-editor.default\">\n\t\t\t\t<div class=\"elementor-widget-container\">\n\t\t\t\t\t\t\t\t\t<a class=\"link\" href=\"https:\/\/sarahsfund.ca\/fr\/respect-de-la-vie-privee\/\">Protection des renseignements personnels<\/a>\t\t\t\t\t\t\t\t<\/div>\n\t\t\t\t<\/div>\n\t\t\t\t\t<\/div>\n\t\t<\/div>\n\t\t\t\t\t<\/div>\n\t\t<\/section>\n\t\t\t\t<\/div>\n\t\t","protected":false},"excerpt":{"rendered":"<p>\u00c0 propos de nous Notre mission Notre vision \u00c0 propos de Sarah Cook Message de la fondatrice Retomb\u00e9es Nos priorit\u00e9s \u00c0 propos de l\u2019unit\u00e9 de soins de Sarah Nos programmes Recherche et innovation Formation \u00c9v\u00e9nements Plongeons dans la course Autres \u00e9v\u00e9nements Donner Don mensuel Don unique Don \u00e0 la m\u00e9moire d\u2019une personne ou en hommage [&hellip;]<\/p>\n","protected":false},"author":1,"featured_media":0,"parent":0,"menu_order":0,"comment_status":"closed","ping_status":"closed","template":"elementor_header_footer","meta":{"footnotes":""},"class_list":["post-2062","page","type-page","status-publish","hentry"],"yoast_head":"<!-- This site is optimized with the Yoast SEO plugin v24.2 - https:\/\/yoast.com\/wordpress\/plugins\/seo\/ -->\n<title>Site Map - Sarahs Fund<\/title>\n<meta name=\"robots\" content=\"index, follow, max-snippet:-1, max-image-preview:large, max-video-preview:-1\" \/>\n<link rel=\"canonical\" href=\"https:\/\/sarahsfund.ca\/fr\/site-map\/\" \/>\n<meta property=\"og:locale\" content=\"fr_FR\" \/>\n<meta property=\"og:type\" content=\"article\" \/>\n<meta property=\"og:title\" content=\"Site Map - Sarahs Fund\" \/>\n<meta property=\"og:description\" content=\"\u00c0 propos de nous Notre mission Notre vision \u00c0 propos de Sarah Cook Message de la fondatrice Retomb\u00e9es Nos priorit\u00e9s \u00c0 propos de l\u2019unit\u00e9 de soins de Sarah Nos programmes Recherche et innovation Formation \u00c9v\u00e9nements Plongeons dans la course Autres \u00e9v\u00e9nements Donner Don mensuel Don unique Don \u00e0 la m\u00e9moire d\u2019une personne ou en hommage [&hellip;]\" \/>\n<meta property=\"og:url\" content=\"https:\/\/sarahsfund.ca\/fr\/site-map\/\" \/>\n<meta property=\"og:site_name\" content=\"Sarahs Fund\" \/>\n<meta property=\"article:publisher\" content=\"https:\/\/www.facebook.com\/Fondssarah.sarahsfundcedars\" \/>\n<meta property=\"article:modified_time\" content=\"2023-04-03T11:56:30+00:00\" \/>\n<meta name=\"twitter:card\" content=\"summary_large_image\" \/>\n<script type=\"application\/ld+json\" class=\"yoast-schema-graph\">{\"@context\":\"https:\/\/schema.org\",\"@graph\":[{\"@type\":\"WebPage\",\"@id\":\"https:\/\/sarahsfund.ca\/fr\/site-map\/\",\"url\":\"https:\/\/sarahsfund.ca\/fr\/site-map\/\",\"name\":\"Site Map - Sarahs Fund\",\"isPartOf\":{\"@id\":\"https:\/\/sarahsfund.ca\/#website\"},\"datePublished\":\"2023-02-03T11:32:28+00:00\",\"dateModified\":\"2023-04-03T11:56:30+00:00\",\"breadcrumb\":{\"@id\":\"https:\/\/sarahsfund.ca\/fr\/site-map\/#breadcrumb\"},\"inLanguage\":\"fr-FR\",\"potentialAction\":[{\"@type\":\"ReadAction\",\"target\":[\"https:\/\/sarahsfund.ca\/fr\/site-map\/\"]}]},{\"@type\":\"BreadcrumbList\",\"@id\":\"https:\/\/sarahsfund.ca\/fr\/site-map\/#breadcrumb\",\"itemListElement\":[{\"@type\":\"ListItem\",\"position\":1,\"name\":\"Home\",\"item\":\"https:\/\/sarahsfund.ca\/fr\/\"},{\"@type\":\"ListItem\",\"position\":2,\"name\":\"Site Map\"}]},{\"@type\":\"WebSite\",\"@id\":\"https:\/\/sarahsfund.ca\/#website\",\"url\":\"https:\/\/sarahsfund.ca\/\",\"name\":\"Sarahs Fund\",\"description\":\"\",\"publisher\":{\"@id\":\"https:\/\/sarahsfund.ca\/#organization\"},\"potentialAction\":[{\"@type\":\"SearchAction\",\"target\":{\"@type\":\"EntryPoint\",\"urlTemplate\":\"https:\/\/sarahsfund.ca\/?s={search_term_string}\"},\"query-input\":{\"@type\":\"PropertyValueSpecification\",\"valueRequired\":true,\"valueName\":\"search_term_string\"}}],\"inLanguage\":\"fr-FR\"},{\"@type\":\"Organization\",\"@id\":\"https:\/\/sarahsfund.ca\/#organization\",\"name\":\"Sarahs Fund\",\"url\":\"https:\/\/sarahsfund.ca\/\",\"logo\":{\"@type\":\"ImageObject\",\"inLanguage\":\"fr-FR\",\"@id\":\"https:\/\/sarahsfund.ca\/#\/schema\/logo\/image\/\",\"url\":\"https:\/\/sarahsfund.ca\/wp-content\/uploads\/2023\/01\/sarah-logo.png\",\"contentUrl\":\"https:\/\/sarahsfund.ca\/wp-content\/uploads\/2023\/01\/sarah-logo.png\",\"width\":230,\"height\":160,\"caption\":\"Sarahs Fund\"},\"image\":{\"@id\":\"https:\/\/sarahsfund.ca\/#\/schema\/logo\/image\/\"},\"sameAs\":[\"https:\/\/www.facebook.com\/Fondssarah.sarahsfundcedars\",\"https:\/\/www.instagram.com\/fondssarah_sarahsfundcedars\/\"]}]}<\/script>\n<!-- \/ Yoast SEO plugin. -->","yoast_head_json":{"title":"Site Map - Sarahs Fund","robots":{"index":"index","follow":"follow","max-snippet":"max-snippet:-1","max-image-preview":"max-image-preview:large","max-video-preview":"max-video-preview:-1"},"canonical":"https:\/\/sarahsfund.ca\/fr\/site-map\/","og_locale":"fr_FR","og_type":"article","og_title":"Site Map - Sarahs Fund","og_description":"\u00c0 propos de nous Notre mission Notre vision \u00c0 propos de Sarah Cook Message de la fondatrice Retomb\u00e9es Nos priorit\u00e9s \u00c0 propos de l\u2019unit\u00e9 de soins de Sarah Nos programmes Recherche et innovation Formation \u00c9v\u00e9nements Plongeons dans la course Autres \u00e9v\u00e9nements Donner Don mensuel Don unique Don \u00e0 la m\u00e9moire d\u2019une personne ou en hommage [&hellip;]","og_url":"https:\/\/sarahsfund.ca\/fr\/site-map\/","og_site_name":"Sarahs Fund","article_publisher":"https:\/\/www.facebook.com\/Fondssarah.sarahsfundcedars","article_modified_time":"2023-04-03T11:56:30+00:00","twitter_card":"summary_large_image","schema":{"@context":"https:\/\/schema.org","@graph":[{"@type":"WebPage","@id":"https:\/\/sarahsfund.ca\/fr\/site-map\/","url":"https:\/\/sarahsfund.ca\/fr\/site-map\/","name":"Site Map - Sarahs Fund","isPartOf":{"@id":"https:\/\/sarahsfund.ca\/#website"},"datePublished":"2023-02-03T11:32:28+00:00","dateModified":"2023-04-03T11:56:30+00:00","breadcrumb":{"@id":"https:\/\/sarahsfund.ca\/fr\/site-map\/#breadcrumb"},"inLanguage":"fr-FR","potentialAction":[{"@type":"ReadAction","target":["https:\/\/sarahsfund.ca\/fr\/site-map\/"]}]},{"@type":"BreadcrumbList","@id":"https:\/\/sarahsfund.ca\/fr\/site-map\/#breadcrumb","itemListElement":[{"@type":"ListItem","position":1,"name":"Home","item":"https:\/\/sarahsfund.ca\/fr\/"},{"@type":"ListItem","position":2,"name":"Site Map"}]},{"@type":"WebSite","@id":"https:\/\/sarahsfund.ca\/#website","url":"https:\/\/sarahsfund.ca\/","name":"Sarahs Fund","description":"","publisher":{"@id":"https:\/\/sarahsfund.ca\/#organization"},"potentialAction":[{"@type":"SearchAction","target":{"@type":"EntryPoint","urlTemplate":"https:\/\/sarahsfund.ca\/?s={search_term_string}"},"query-input":{"@type":"PropertyValueSpecification","valueRequired":true,"valueName":"search_term_string"}}],"inLanguage":"fr-FR"},{"@type":"Organization","@id":"https:\/\/sarahsfund.ca\/#organization","name":"Sarahs Fund","url":"https:\/\/sarahsfund.ca\/","logo":{"@type":"ImageObject","inLanguage":"fr-FR","@id":"https:\/\/sarahsfund.ca\/#\/schema\/logo\/image\/","url":"https:\/\/sarahsfund.ca\/wp-content\/uploads\/2023\/01\/sarah-logo.png","contentUrl":"https:\/\/sarahsfund.ca\/wp-content\/uploads\/2023\/01\/sarah-logo.png","width":230,"height":160,"caption":"Sarahs Fund"},"image":{"@id":"https:\/\/sarahsfund.ca\/#\/schema\/logo\/image\/"},"sameAs":["https:\/\/www.facebook.com\/Fondssarah.sarahsfundcedars","https:\/\/www.instagram.com\/fondssarah_sarahsfundcedars\/"]}]}},"_links":{"self":[{"href":"https:\/\/sarahsfund.ca\/fr\/wp-json\/wp\/v2\/pages\/2062","targetHints":{"allow":["GET"]}}],"collection":[{"href":"https:\/\/sarahsfund.ca\/fr\/wp-json\/wp\/v2\/pages"}],"about":[{"href":"https:\/\/sarahsfund.ca\/fr\/wp-json\/wp\/v2\/types\/page"}],"author":[{"embeddable":true,"href":"https:\/\/sarahsfund.ca\/fr\/wp-json\/wp\/v2\/users\/1"}],"replies":[{"embeddable":true,"href":"https:\/\/sarahsfund.ca\/fr\/wp-json\/wp\/v2\/comments?post=2062"}],"version-history":[{"count":55,"href":"https:\/\/sarahsfund.ca\/fr\/wp-json\/wp\/v2\/pages\/2062\/revisions"}],"predecessor-version":[{"id":3710,"href":"https:\/\/sarahsfund.ca\/fr\/wp-json\/wp\/v2\/pages\/2062\/revisions\/3710"}],"wp:attachment":[{"href":"https:\/\/sarahsfund.ca\/fr\/wp-json\/wp\/v2\/media?parent=2062"}],"curies":[{"name":"wp","href":"https:\/\/api.w.org\/{rel}","templated":true}]}}