{"id":2622,"date":"2022-12-27T07:01:23","date_gmt":"2022-12-27T07:01:23","guid":{"rendered":"https:\/\/sarahsfund.ca\/?page_id=2622"},"modified":"2023-04-11T06:29:35","modified_gmt":"2023-04-11T06:29:35","slug":"respect-de-la-vie-privee","status":"publish","type":"page","link":"https:\/\/sarahsfund.ca\/fr\/respect-de-la-vie-privee\/","title":{"rendered":"Protection des renseignements personnels"},"content":{"rendered":"\t\t<div data-elementor-type=\"wp-page\" data-elementor-id=\"2622\" class=\"elementor elementor-2622 elementor-3\">\n\t\t\t\t\t\t<section class=\"elementor-section elementor-top-section elementor-element elementor-element-179d79d6 elementor-section-stretched elementor-section-height-min-height elementor-section-items-bottom elementor-section-boxed elementor-section-height-default\" data-id=\"179d79d6\" data-element_type=\"section\" data-settings=\"{&quot;stretch_section&quot;:&quot;section-stretched&quot;,&quot;background_background&quot;:&quot;classic&quot;}\">\n\t\t\t\t\t\t<div class=\"elementor-container elementor-column-gap-default\">\n\t\t\t\t\t<div class=\"elementor-column elementor-col-100 elementor-top-column elementor-element elementor-element-6285dbd3\" data-id=\"6285dbd3\" data-element_type=\"column\">\n\t\t\t<div class=\"elementor-widget-wrap elementor-element-populated\">\n\t\t\t\t\t\t<div class=\"elementor-element elementor-element-102b624d hero_section elementor-widget elementor-widget-heading\" data-id=\"102b624d\" data-element_type=\"widget\" data-widget_type=\"heading.default\">\n\t\t\t\t<div class=\"elementor-widget-container\">\n\t\t\t\t\t<h2 class=\"elementor-heading-title elementor-size-default\">Protection des renseignements personnels<\/h2>\t\t\t\t<\/div>\n\t\t\t\t<\/div>\n\t\t\t\t\t<\/div>\n\t\t<\/div>\n\t\t\t\t\t<\/div>\n\t\t<\/section>\n\t\t\t\t<section class=\"elementor-section elementor-top-section elementor-element elementor-element-a7afbd6 elementor-section-boxed elementor-section-height-default elementor-section-height-default\" data-id=\"a7afbd6\" data-element_type=\"section\">\n\t\t\t\t\t\t<div class=\"elementor-container elementor-column-gap-default\">\n\t\t\t\t\t<div class=\"elementor-column elementor-col-100 elementor-top-column elementor-element elementor-element-3e9b294d\" data-id=\"3e9b294d\" data-element_type=\"column\">\n\t\t\t<div class=\"elementor-widget-wrap elementor-element-populated\">\n\t\t\t\t\t\t<div class=\"elementor-element elementor-element-7447a4a elementor-widget elementor-widget-text-editor\" data-id=\"7447a4a\" data-element_type=\"widget\" data-widget_type=\"text-editor.default\">\n\t\t\t\t<div class=\"elementor-widget-container\">\n\t\t\t\t\t\t\t\t\t<span style=\"text-decoration: underline;\">Renseignements personnels<\/span>\t\t\t\t\t\t\t\t<\/div>\n\t\t\t\t<\/div>\n\t\t\t\t<div class=\"elementor-element elementor-element-e0ef9f7 elementor-widget elementor-widget-text-editor\" data-id=\"e0ef9f7\" data-element_type=\"widget\" data-widget_type=\"text-editor.default\">\n\t\t\t\t<div class=\"elementor-widget-container\">\n\t\t\t\t\t\t\t\t\tPar \u00ab renseignements personnels \u00bb, on entend tout renseignement pouvant \u00eatre utilis\u00e9 pour distinguer, identifier ou joindre une personne en particulier. Les renseignements personnels peuvent inclure les opinions ou les croyances d\u2019une personne, ainsi que des faits qui la concernent. Les coordonn\u00e9es professionnelles et certaines informations accessibles au public, comme les noms, adresses et num\u00e9ros de t\u00e9l\u00e9phone publi\u00e9s dans les annuaires t\u00e9l\u00e9phoniques, ne sont pas consid\u00e9r\u00e9es comme des renseignements personnels. \t\t\t\t\t\t\t\t<\/div>\n\t\t\t\t<\/div>\n\t\t\t\t<div class=\"elementor-element elementor-element-b18a296 elementor-widget elementor-widget-text-editor\" data-id=\"b18a296\" data-element_type=\"widget\" data-widget_type=\"text-editor.default\">\n\t\t\t\t<div class=\"elementor-widget-container\">\n\t\t\t\t\t\t\t\t\t<span style=\"text-decoration: underline;\">Pratiques en mati\u00e8re de protection des renseignements personnels<\/span>\t\t\t\t\t\t\t\t<\/div>\n\t\t\t\t<\/div>\n\t\t\t\t<div class=\"elementor-element elementor-element-14aa02dd elementor-widget elementor-widget-text-editor\" data-id=\"14aa02dd\" data-element_type=\"widget\" data-widget_type=\"text-editor.default\">\n\t\t\t\t<div class=\"elementor-widget-container\">\n\t\t\t\t\t\t\t\t\tLe Fonds de Sarah et la Fondation du cancer des C\u00e8dres respectent les renseignements personnels de nos partenaires; nous ne vendons, ne louons, ni n\u2019\u00e9changeons notre liste de donateurs ou d\u2019acheteurs. Nous ne recueillons, n\u2019utilisons ou ne divulguons des renseignements personnels que dans le but de traiter des achats et d\u2019informer les membres de notre communaut\u00e9 de nos activit\u00e9s, et afin de leur demander de nous soutenir dans notre mission visant l\u2019am\u00e9lioration de la sant\u00e9 de la collectivit\u00e9. Toute personne sur qui nous recueillons des renseignements peut s\u2019attendre \u00e0 ce que ceux-ci soient soigneusement prot\u00e9g\u00e9s et \u00e0 ce qu\u2019ils ne soient utilis\u00e9s qu\u2019avec son consentement.\t\t\t\t\t\t\t\t<\/div>\n\t\t\t\t<\/div>\n\t\t\t\t<div class=\"elementor-element elementor-element-e603153 elementor-widget elementor-widget-text-editor\" data-id=\"e603153\" data-element_type=\"widget\" data-widget_type=\"text-editor.default\">\n\t\t\t\t<div class=\"elementor-widget-container\">\n\t\t\t\t\t\t\t\t\tNos employ\u00e9s sont tenus de signer des ententes de confidentialit\u00e9, et diff\u00e9rentes mesures de protection sont mises en place pour nous assurer que les renseignements personnels ne sont consult\u00e9s, divulgu\u00e9s ou transmis que dans le but pour lequel ils ont \u00e9t\u00e9 recueillis. Nous prenons \u00e9galement toutes les dispositions n\u00e9cessaires pour en pr\u00e9server l\u2019int\u00e9grit\u00e9 et pour en pr\u00e9venir la perte ou la destruction.\t\t\t\t\t\t\t\t<\/div>\n\t\t\t\t<\/div>\n\t\t\t\t\t<\/div>\n\t\t<\/div>\n\t\t\t\t\t<\/div>\n\t\t<\/section>\n\t\t\t\t<\/div>\n\t\t","protected":false},"excerpt":{"rendered":"<p>Protection des renseignements personnels Renseignements personnelsPar \u00ab renseignements personnels \u00bb, on entend tout renseignement pouvant \u00eatre utilis\u00e9 pour distinguer, identifier ou joindre une personne en particulier. Les renseignements personnels peuvent inclure les opinions ou les croyances d\u2019une personne, ainsi que des faits qui la concernent. Les coordonn\u00e9es professionnelles et certaines informations accessibles au public, comme [&hellip;]<\/p>\n","protected":false},"author":1,"featured_media":0,"parent":0,"menu_order":0,"comment_status":"closed","ping_status":"open","template":"elementor_header_footer","meta":{"footnotes":""},"class_list":["post-2622","page","type-page","status-publish","hentry"],"yoast_head":"<!-- This site is optimized with the Yoast SEO plugin v24.2 - https:\/\/yoast.com\/wordpress\/plugins\/seo\/ -->\n<title>Protection des renseignements personnels - Sarahs Fund<\/title>\n<meta name=\"robots\" content=\"index, follow, max-snippet:-1, max-image-preview:large, max-video-preview:-1\" \/>\n<link rel=\"canonical\" href=\"https:\/\/sarahsfund.ca\/fr\/respect-de-la-vie-privee\/\" \/>\n<meta property=\"og:locale\" content=\"fr_FR\" \/>\n<meta property=\"og:type\" content=\"article\" \/>\n<meta property=\"og:title\" content=\"Protection des renseignements personnels - Sarahs Fund\" \/>\n<meta property=\"og:description\" content=\"Protection des renseignements personnels Renseignements personnelsPar \u00ab renseignements personnels \u00bb, on entend tout renseignement pouvant \u00eatre utilis\u00e9 pour distinguer, identifier ou joindre une personne en particulier. Les renseignements personnels peuvent inclure les opinions ou les croyances d\u2019une personne, ainsi que des faits qui la concernent. Les coordonn\u00e9es professionnelles et certaines informations accessibles au public, comme [&hellip;]\" \/>\n<meta property=\"og:url\" content=\"https:\/\/sarahsfund.ca\/fr\/respect-de-la-vie-privee\/\" \/>\n<meta property=\"og:site_name\" content=\"Sarahs Fund\" \/>\n<meta property=\"article:publisher\" content=\"https:\/\/www.facebook.com\/Fondssarah.sarahsfundcedars\" \/>\n<meta property=\"article:modified_time\" content=\"2023-04-11T06:29:35+00:00\" \/>\n<meta name=\"twitter:card\" content=\"summary_large_image\" \/>\n<meta name=\"twitter:label1\" content=\"Dur\u00e9e de lecture estim\u00e9e\" \/>\n\t<meta name=\"twitter:data1\" content=\"1 minute\" \/>\n<script type=\"application\/ld+json\" class=\"yoast-schema-graph\">{\"@context\":\"https:\/\/schema.org\",\"@graph\":[{\"@type\":\"WebPage\",\"@id\":\"https:\/\/sarahsfund.ca\/fr\/respect-de-la-vie-privee\/\",\"url\":\"https:\/\/sarahsfund.ca\/fr\/respect-de-la-vie-privee\/\",\"name\":\"Protection des renseignements personnels - Sarahs Fund\",\"isPartOf\":{\"@id\":\"https:\/\/sarahsfund.ca\/#website\"},\"datePublished\":\"2022-12-27T07:01:23+00:00\",\"dateModified\":\"2023-04-11T06:29:35+00:00\",\"breadcrumb\":{\"@id\":\"https:\/\/sarahsfund.ca\/fr\/respect-de-la-vie-privee\/#breadcrumb\"},\"inLanguage\":\"fr-FR\",\"potentialAction\":[{\"@type\":\"ReadAction\",\"target\":[\"https:\/\/sarahsfund.ca\/fr\/respect-de-la-vie-privee\/\"]}]},{\"@type\":\"BreadcrumbList\",\"@id\":\"https:\/\/sarahsfund.ca\/fr\/respect-de-la-vie-privee\/#breadcrumb\",\"itemListElement\":[{\"@type\":\"ListItem\",\"position\":1,\"name\":\"Home\",\"item\":\"https:\/\/sarahsfund.ca\/fr\/\"},{\"@type\":\"ListItem\",\"position\":2,\"name\":\"Protection des renseignements personnels\"}]},{\"@type\":\"WebSite\",\"@id\":\"https:\/\/sarahsfund.ca\/#website\",\"url\":\"https:\/\/sarahsfund.ca\/\",\"name\":\"Sarahs Fund\",\"description\":\"\",\"publisher\":{\"@id\":\"https:\/\/sarahsfund.ca\/#organization\"},\"potentialAction\":[{\"@type\":\"SearchAction\",\"target\":{\"@type\":\"EntryPoint\",\"urlTemplate\":\"https:\/\/sarahsfund.ca\/?s={search_term_string}\"},\"query-input\":{\"@type\":\"PropertyValueSpecification\",\"valueRequired\":true,\"valueName\":\"search_term_string\"}}],\"inLanguage\":\"fr-FR\"},{\"@type\":\"Organization\",\"@id\":\"https:\/\/sarahsfund.ca\/#organization\",\"name\":\"Sarahs Fund\",\"url\":\"https:\/\/sarahsfund.ca\/\",\"logo\":{\"@type\":\"ImageObject\",\"inLanguage\":\"fr-FR\",\"@id\":\"https:\/\/sarahsfund.ca\/#\/schema\/logo\/image\/\",\"url\":\"https:\/\/sarahsfund.ca\/wp-content\/uploads\/2023\/01\/sarah-logo.png\",\"contentUrl\":\"https:\/\/sarahsfund.ca\/wp-content\/uploads\/2023\/01\/sarah-logo.png\",\"width\":230,\"height\":160,\"caption\":\"Sarahs Fund\"},\"image\":{\"@id\":\"https:\/\/sarahsfund.ca\/#\/schema\/logo\/image\/\"},\"sameAs\":[\"https:\/\/www.facebook.com\/Fondssarah.sarahsfundcedars\",\"https:\/\/www.instagram.com\/fondssarah_sarahsfundcedars\/\"]}]}<\/script>\n<!-- \/ Yoast SEO plugin. -->","yoast_head_json":{"title":"Protection des renseignements personnels - Sarahs Fund","robots":{"index":"index","follow":"follow","max-snippet":"max-snippet:-1","max-image-preview":"max-image-preview:large","max-video-preview":"max-video-preview:-1"},"canonical":"https:\/\/sarahsfund.ca\/fr\/respect-de-la-vie-privee\/","og_locale":"fr_FR","og_type":"article","og_title":"Protection des renseignements personnels - Sarahs Fund","og_description":"Protection des renseignements personnels Renseignements personnelsPar \u00ab renseignements personnels \u00bb, on entend tout renseignement pouvant \u00eatre utilis\u00e9 pour distinguer, identifier ou joindre une personne en particulier. Les renseignements personnels peuvent inclure les opinions ou les croyances d\u2019une personne, ainsi que des faits qui la concernent. Les coordonn\u00e9es professionnelles et certaines informations accessibles au public, comme [&hellip;]","og_url":"https:\/\/sarahsfund.ca\/fr\/respect-de-la-vie-privee\/","og_site_name":"Sarahs Fund","article_publisher":"https:\/\/www.facebook.com\/Fondssarah.sarahsfundcedars","article_modified_time":"2023-04-11T06:29:35+00:00","twitter_card":"summary_large_image","twitter_misc":{"Dur\u00e9e de lecture estim\u00e9e":"1 minute"},"schema":{"@context":"https:\/\/schema.org","@graph":[{"@type":"WebPage","@id":"https:\/\/sarahsfund.ca\/fr\/respect-de-la-vie-privee\/","url":"https:\/\/sarahsfund.ca\/fr\/respect-de-la-vie-privee\/","name":"Protection des renseignements personnels - Sarahs Fund","isPartOf":{"@id":"https:\/\/sarahsfund.ca\/#website"},"datePublished":"2022-12-27T07:01:23+00:00","dateModified":"2023-04-11T06:29:35+00:00","breadcrumb":{"@id":"https:\/\/sarahsfund.ca\/fr\/respect-de-la-vie-privee\/#breadcrumb"},"inLanguage":"fr-FR","potentialAction":[{"@type":"ReadAction","target":["https:\/\/sarahsfund.ca\/fr\/respect-de-la-vie-privee\/"]}]},{"@type":"BreadcrumbList","@id":"https:\/\/sarahsfund.ca\/fr\/respect-de-la-vie-privee\/#breadcrumb","itemListElement":[{"@type":"ListItem","position":1,"name":"Home","item":"https:\/\/sarahsfund.ca\/fr\/"},{"@type":"ListItem","position":2,"name":"Protection des renseignements personnels"}]},{"@type":"WebSite","@id":"https:\/\/sarahsfund.ca\/#website","url":"https:\/\/sarahsfund.ca\/","name":"Sarahs Fund","description":"","publisher":{"@id":"https:\/\/sarahsfund.ca\/#organization"},"potentialAction":[{"@type":"SearchAction","target":{"@type":"EntryPoint","urlTemplate":"https:\/\/sarahsfund.ca\/?s={search_term_string}"},"query-input":{"@type":"PropertyValueSpecification","valueRequired":true,"valueName":"search_term_string"}}],"inLanguage":"fr-FR"},{"@type":"Organization","@id":"https:\/\/sarahsfund.ca\/#organization","name":"Sarahs Fund","url":"https:\/\/sarahsfund.ca\/","logo":{"@type":"ImageObject","inLanguage":"fr-FR","@id":"https:\/\/sarahsfund.ca\/#\/schema\/logo\/image\/","url":"https:\/\/sarahsfund.ca\/wp-content\/uploads\/2023\/01\/sarah-logo.png","contentUrl":"https:\/\/sarahsfund.ca\/wp-content\/uploads\/2023\/01\/sarah-logo.png","width":230,"height":160,"caption":"Sarahs Fund"},"image":{"@id":"https:\/\/sarahsfund.ca\/#\/schema\/logo\/image\/"},"sameAs":["https:\/\/www.facebook.com\/Fondssarah.sarahsfundcedars","https:\/\/www.instagram.com\/fondssarah_sarahsfundcedars\/"]}]}},"_links":{"self":[{"href":"https:\/\/sarahsfund.ca\/fr\/wp-json\/wp\/v2\/pages\/2622","targetHints":{"allow":["GET"]}}],"collection":[{"href":"https:\/\/sarahsfund.ca\/fr\/wp-json\/wp\/v2\/pages"}],"about":[{"href":"https:\/\/sarahsfund.ca\/fr\/wp-json\/wp\/v2\/types\/page"}],"author":[{"embeddable":true,"href":"https:\/\/sarahsfund.ca\/fr\/wp-json\/wp\/v2\/users\/1"}],"replies":[{"embeddable":true,"href":"https:\/\/sarahsfund.ca\/fr\/wp-json\/wp\/v2\/comments?post=2622"}],"version-history":[{"count":5,"href":"https:\/\/sarahsfund.ca\/fr\/wp-json\/wp\/v2\/pages\/2622\/revisions"}],"predecessor-version":[{"id":3827,"href":"https:\/\/sarahsfund.ca\/fr\/wp-json\/wp\/v2\/pages\/2622\/revisions\/3827"}],"wp:attachment":[{"href":"https:\/\/sarahsfund.ca\/fr\/wp-json\/wp\/v2\/media?parent=2622"}],"curies":[{"name":"wp","href":"https:\/\/api.w.org\/{rel}","templated":true}]}}