{"id":2636,"date":"2023-02-10T11:14:54","date_gmt":"2023-02-10T11:14:54","guid":{"rendered":"https:\/\/sarahsfund.ca\/?page_id=2636"},"modified":"2023-03-28T11:43:01","modified_gmt":"2023-03-28T11:43:01","slug":"avis-de-non-responsabilite","status":"publish","type":"page","link":"https:\/\/sarahsfund.ca\/fr\/avis-de-non-responsabilite\/","title":{"rendered":"Avis de non-responsabilit\u00e9"},"content":{"rendered":"\t\t<div data-elementor-type=\"wp-page\" data-elementor-id=\"2636\" class=\"elementor elementor-2636 elementor-2610\">\n\t\t\t\t\t\t<section class=\"elementor-section elementor-top-section elementor-element elementor-element-f3c2e0f elementor-section-stretched elementor-section-height-min-height elementor-section-items-bottom elementor-section-boxed elementor-section-height-default\" data-id=\"f3c2e0f\" data-element_type=\"section\" data-settings=\"{&quot;stretch_section&quot;:&quot;section-stretched&quot;,&quot;background_background&quot;:&quot;classic&quot;}\">\n\t\t\t\t\t\t<div class=\"elementor-container elementor-column-gap-default\">\n\t\t\t\t\t<div class=\"elementor-column elementor-col-100 elementor-top-column elementor-element elementor-element-3a6f5a23\" data-id=\"3a6f5a23\" data-element_type=\"column\">\n\t\t\t<div class=\"elementor-widget-wrap elementor-element-populated\">\n\t\t\t\t\t\t<div class=\"elementor-element elementor-element-682fdcf9 hero_section elementor-widget elementor-widget-heading\" data-id=\"682fdcf9\" data-element_type=\"widget\" data-widget_type=\"heading.default\">\n\t\t\t\t<div class=\"elementor-widget-container\">\n\t\t\t\t\t<h2 class=\"elementor-heading-title elementor-size-default\">Avis de non-responsabilit\u00e9<\/h2>\t\t\t\t<\/div>\n\t\t\t\t<\/div>\n\t\t\t\t\t<\/div>\n\t\t<\/div>\n\t\t\t\t\t<\/div>\n\t\t<\/section>\n\t\t\t\t<section class=\"elementor-section elementor-top-section elementor-element elementor-element-55c5424b elementor-section-boxed elementor-section-height-default elementor-section-height-default\" data-id=\"55c5424b\" data-element_type=\"section\">\n\t\t\t\t\t\t<div class=\"elementor-container elementor-column-gap-default\">\n\t\t\t\t\t<div class=\"elementor-column elementor-col-100 elementor-top-column elementor-element elementor-element-4988fafe\" data-id=\"4988fafe\" data-element_type=\"column\">\n\t\t\t<div class=\"elementor-widget-wrap elementor-element-populated\">\n\t\t\t\t\t\t<div class=\"elementor-element elementor-element-3aca6fc5 elementor-widget elementor-widget-text-editor\" data-id=\"3aca6fc5\" data-element_type=\"widget\" data-widget_type=\"text-editor.default\">\n\t\t\t\t<div class=\"elementor-widget-container\">\n\t\t\t\t\t\t\t\t\tLes renseignements que renferme le pr\u00e9sent site Web sont fournis \u00e0 titre gracieux par le Fonds de Sarah des C\u00e8dres et par la Fondation du cancer des C\u00e8dres. Ils visent \u00e0 fournir des informations g\u00e9n\u00e9rales sur le Fonds de Sarah des C\u00e8dres, afin d\u2019aider nos lecteurs \u00e0 nous soutenir et \u00e0 localiser nos ressources.\t\t\t\t\t\t\t\t<\/div>\n\t\t\t\t<\/div>\n\t\t\t\t<div class=\"elementor-element elementor-element-17752323 elementor-widget elementor-widget-text-editor\" data-id=\"17752323\" data-element_type=\"widget\" data-widget_type=\"text-editor.default\">\n\t\t\t\t<div class=\"elementor-widget-container\">\n\t\t\t\t\t\t\t\t\tLes renseignements contenus dans le site Web du Fonds de Sarah sont fournis \u00e0 titre informatifet ne visent pas \u00e0 se substituer aux conseils ou \u00e0 l\u2019\u00e9valuation d\u2019un professionnel de la sant\u00e9. Nous encourageons nos lecteurs \u00e0 consulter des professionnels de la sant\u00e9 qualifi\u00e9s, pour obtenir des r\u00e9ponses \u00e0 leurs questions personnelles de nature m\u00e9dicale.\t\t\t\t\t\t\t\t<\/div>\n\t\t\t\t<\/div>\n\t\t\t\t<div class=\"elementor-element elementor-element-fcf5229 elementor-widget elementor-widget-text-editor\" data-id=\"fcf5229\" data-element_type=\"widget\" data-widget_type=\"text-editor.default\">\n\t\t\t\t<div class=\"elementor-widget-container\">\n\t\t\t\t\t\t\t\t\tLes liens figurant sur les sites Web du Fonds de Sarah ou de la Fondation du cancer des C\u00e8dres ne doivent pas \u00eatre consid\u00e9r\u00e9s comme des recommandations ou des approbations de produits ou services. Les renseignements fournis sur le pr\u00e9sent site Web sont prot\u00e9g\u00e9s par les lois sur le droit d\u2019auteur. En consultant le site Web du Fonds de Sarah des C\u00e8dres, vous reconnaissez accepter les conditions du pr\u00e9sent avis de non-responsabilit\u00e9. Nous nous r\u00e9servons le droit de modifier ces conditions de cet avis.\t\t\t\t\t\t\t\t<\/div>\n\t\t\t\t<\/div>\n\t\t\t\t\t<\/div>\n\t\t<\/div>\n\t\t\t\t\t<\/div>\n\t\t<\/section>\n\t\t\t\t<\/div>\n\t\t","protected":false},"excerpt":{"rendered":"<p>Avis de non-responsabilit\u00e9 Les renseignements que renferme le pr\u00e9sent site Web sont fournis \u00e0 titre gracieux par le Fonds de Sarah des C\u00e8dres et par la Fondation du cancer des C\u00e8dres. Ils visent \u00e0 fournir des informations g\u00e9n\u00e9rales sur le Fonds de Sarah des C\u00e8dres, afin d\u2019aider nos lecteurs \u00e0 nous soutenir et \u00e0 localiser [&hellip;]<\/p>\n","protected":false},"author":1,"featured_media":0,"parent":0,"menu_order":0,"comment_status":"closed","ping_status":"closed","template":"elementor_header_footer","meta":{"footnotes":""},"class_list":["post-2636","page","type-page","status-publish","hentry"],"yoast_head":"<!-- This site is optimized with the Yoast SEO plugin v24.2 - https:\/\/yoast.com\/wordpress\/plugins\/seo\/ -->\n<title>Avis de non-responsabilit\u00e9 - Sarahs Fund<\/title>\n<meta name=\"robots\" content=\"index, follow, max-snippet:-1, max-image-preview:large, max-video-preview:-1\" \/>\n<link rel=\"canonical\" href=\"https:\/\/sarahsfund.ca\/fr\/avis-de-non-responsabilite\/\" \/>\n<meta property=\"og:locale\" content=\"fr_FR\" \/>\n<meta property=\"og:type\" content=\"article\" \/>\n<meta property=\"og:title\" content=\"Avis de non-responsabilit\u00e9 - Sarahs Fund\" \/>\n<meta property=\"og:description\" content=\"Avis de non-responsabilit\u00e9 Les renseignements que renferme le pr\u00e9sent site Web sont fournis \u00e0 titre gracieux par le Fonds de Sarah des C\u00e8dres et par la Fondation du cancer des C\u00e8dres. Ils visent \u00e0 fournir des informations g\u00e9n\u00e9rales sur le Fonds de Sarah des C\u00e8dres, afin d\u2019aider nos lecteurs \u00e0 nous soutenir et \u00e0 localiser [&hellip;]\" \/>\n<meta property=\"og:url\" content=\"https:\/\/sarahsfund.ca\/fr\/avis-de-non-responsabilite\/\" \/>\n<meta property=\"og:site_name\" content=\"Sarahs Fund\" \/>\n<meta property=\"article:publisher\" content=\"https:\/\/www.facebook.com\/Fondssarah.sarahsfundcedars\" \/>\n<meta property=\"article:modified_time\" content=\"2023-03-28T11:43:01+00:00\" \/>\n<meta name=\"twitter:card\" content=\"summary_large_image\" \/>\n<meta name=\"twitter:label1\" content=\"Dur\u00e9e de lecture estim\u00e9e\" \/>\n\t<meta name=\"twitter:data1\" content=\"1 minute\" \/>\n<script type=\"application\/ld+json\" class=\"yoast-schema-graph\">{\"@context\":\"https:\/\/schema.org\",\"@graph\":[{\"@type\":\"WebPage\",\"@id\":\"https:\/\/sarahsfund.ca\/fr\/avis-de-non-responsabilite\/\",\"url\":\"https:\/\/sarahsfund.ca\/fr\/avis-de-non-responsabilite\/\",\"name\":\"Avis de non-responsabilit\u00e9 - Sarahs Fund\",\"isPartOf\":{\"@id\":\"https:\/\/sarahsfund.ca\/#website\"},\"datePublished\":\"2023-02-10T11:14:54+00:00\",\"dateModified\":\"2023-03-28T11:43:01+00:00\",\"breadcrumb\":{\"@id\":\"https:\/\/sarahsfund.ca\/fr\/avis-de-non-responsabilite\/#breadcrumb\"},\"inLanguage\":\"fr-FR\",\"potentialAction\":[{\"@type\":\"ReadAction\",\"target\":[\"https:\/\/sarahsfund.ca\/fr\/avis-de-non-responsabilite\/\"]}]},{\"@type\":\"BreadcrumbList\",\"@id\":\"https:\/\/sarahsfund.ca\/fr\/avis-de-non-responsabilite\/#breadcrumb\",\"itemListElement\":[{\"@type\":\"ListItem\",\"position\":1,\"name\":\"Home\",\"item\":\"https:\/\/sarahsfund.ca\/fr\/\"},{\"@type\":\"ListItem\",\"position\":2,\"name\":\"Avis de non-responsabilit\u00e9\"}]},{\"@type\":\"WebSite\",\"@id\":\"https:\/\/sarahsfund.ca\/#website\",\"url\":\"https:\/\/sarahsfund.ca\/\",\"name\":\"Sarahs Fund\",\"description\":\"\",\"publisher\":{\"@id\":\"https:\/\/sarahsfund.ca\/#organization\"},\"potentialAction\":[{\"@type\":\"SearchAction\",\"target\":{\"@type\":\"EntryPoint\",\"urlTemplate\":\"https:\/\/sarahsfund.ca\/?s={search_term_string}\"},\"query-input\":{\"@type\":\"PropertyValueSpecification\",\"valueRequired\":true,\"valueName\":\"search_term_string\"}}],\"inLanguage\":\"fr-FR\"},{\"@type\":\"Organization\",\"@id\":\"https:\/\/sarahsfund.ca\/#organization\",\"name\":\"Sarahs Fund\",\"url\":\"https:\/\/sarahsfund.ca\/\",\"logo\":{\"@type\":\"ImageObject\",\"inLanguage\":\"fr-FR\",\"@id\":\"https:\/\/sarahsfund.ca\/#\/schema\/logo\/image\/\",\"url\":\"https:\/\/sarahsfund.ca\/wp-content\/uploads\/2023\/01\/sarah-logo.png\",\"contentUrl\":\"https:\/\/sarahsfund.ca\/wp-content\/uploads\/2023\/01\/sarah-logo.png\",\"width\":230,\"height\":160,\"caption\":\"Sarahs Fund\"},\"image\":{\"@id\":\"https:\/\/sarahsfund.ca\/#\/schema\/logo\/image\/\"},\"sameAs\":[\"https:\/\/www.facebook.com\/Fondssarah.sarahsfundcedars\",\"https:\/\/www.instagram.com\/fondssarah_sarahsfundcedars\/\"]}]}<\/script>\n<!-- \/ Yoast SEO plugin. -->","yoast_head_json":{"title":"Avis de non-responsabilit\u00e9 - Sarahs Fund","robots":{"index":"index","follow":"follow","max-snippet":"max-snippet:-1","max-image-preview":"max-image-preview:large","max-video-preview":"max-video-preview:-1"},"canonical":"https:\/\/sarahsfund.ca\/fr\/avis-de-non-responsabilite\/","og_locale":"fr_FR","og_type":"article","og_title":"Avis de non-responsabilit\u00e9 - Sarahs Fund","og_description":"Avis de non-responsabilit\u00e9 Les renseignements que renferme le pr\u00e9sent site Web sont fournis \u00e0 titre gracieux par le Fonds de Sarah des C\u00e8dres et par la Fondation du cancer des C\u00e8dres. Ils visent \u00e0 fournir des informations g\u00e9n\u00e9rales sur le Fonds de Sarah des C\u00e8dres, afin d\u2019aider nos lecteurs \u00e0 nous soutenir et \u00e0 localiser [&hellip;]","og_url":"https:\/\/sarahsfund.ca\/fr\/avis-de-non-responsabilite\/","og_site_name":"Sarahs Fund","article_publisher":"https:\/\/www.facebook.com\/Fondssarah.sarahsfundcedars","article_modified_time":"2023-03-28T11:43:01+00:00","twitter_card":"summary_large_image","twitter_misc":{"Dur\u00e9e de lecture estim\u00e9e":"1 minute"},"schema":{"@context":"https:\/\/schema.org","@graph":[{"@type":"WebPage","@id":"https:\/\/sarahsfund.ca\/fr\/avis-de-non-responsabilite\/","url":"https:\/\/sarahsfund.ca\/fr\/avis-de-non-responsabilite\/","name":"Avis de non-responsabilit\u00e9 - Sarahs Fund","isPartOf":{"@id":"https:\/\/sarahsfund.ca\/#website"},"datePublished":"2023-02-10T11:14:54+00:00","dateModified":"2023-03-28T11:43:01+00:00","breadcrumb":{"@id":"https:\/\/sarahsfund.ca\/fr\/avis-de-non-responsabilite\/#breadcrumb"},"inLanguage":"fr-FR","potentialAction":[{"@type":"ReadAction","target":["https:\/\/sarahsfund.ca\/fr\/avis-de-non-responsabilite\/"]}]},{"@type":"BreadcrumbList","@id":"https:\/\/sarahsfund.ca\/fr\/avis-de-non-responsabilite\/#breadcrumb","itemListElement":[{"@type":"ListItem","position":1,"name":"Home","item":"https:\/\/sarahsfund.ca\/fr\/"},{"@type":"ListItem","position":2,"name":"Avis de non-responsabilit\u00e9"}]},{"@type":"WebSite","@id":"https:\/\/sarahsfund.ca\/#website","url":"https:\/\/sarahsfund.ca\/","name":"Sarahs Fund","description":"","publisher":{"@id":"https:\/\/sarahsfund.ca\/#organization"},"potentialAction":[{"@type":"SearchAction","target":{"@type":"EntryPoint","urlTemplate":"https:\/\/sarahsfund.ca\/?s={search_term_string}"},"query-input":{"@type":"PropertyValueSpecification","valueRequired":true,"valueName":"search_term_string"}}],"inLanguage":"fr-FR"},{"@type":"Organization","@id":"https:\/\/sarahsfund.ca\/#organization","name":"Sarahs Fund","url":"https:\/\/sarahsfund.ca\/","logo":{"@type":"ImageObject","inLanguage":"fr-FR","@id":"https:\/\/sarahsfund.ca\/#\/schema\/logo\/image\/","url":"https:\/\/sarahsfund.ca\/wp-content\/uploads\/2023\/01\/sarah-logo.png","contentUrl":"https:\/\/sarahsfund.ca\/wp-content\/uploads\/2023\/01\/sarah-logo.png","width":230,"height":160,"caption":"Sarahs Fund"},"image":{"@id":"https:\/\/sarahsfund.ca\/#\/schema\/logo\/image\/"},"sameAs":["https:\/\/www.facebook.com\/Fondssarah.sarahsfundcedars","https:\/\/www.instagram.com\/fondssarah_sarahsfundcedars\/"]}]}},"_links":{"self":[{"href":"https:\/\/sarahsfund.ca\/fr\/wp-json\/wp\/v2\/pages\/2636","targetHints":{"allow":["GET"]}}],"collection":[{"href":"https:\/\/sarahsfund.ca\/fr\/wp-json\/wp\/v2\/pages"}],"about":[{"href":"https:\/\/sarahsfund.ca\/fr\/wp-json\/wp\/v2\/types\/page"}],"author":[{"embeddable":true,"href":"https:\/\/sarahsfund.ca\/fr\/wp-json\/wp\/v2\/users\/1"}],"replies":[{"embeddable":true,"href":"https:\/\/sarahsfund.ca\/fr\/wp-json\/wp\/v2\/comments?post=2636"}],"version-history":[{"count":9,"href":"https:\/\/sarahsfund.ca\/fr\/wp-json\/wp\/v2\/pages\/2636\/revisions"}],"predecessor-version":[{"id":3638,"href":"https:\/\/sarahsfund.ca\/fr\/wp-json\/wp\/v2\/pages\/2636\/revisions\/3638"}],"wp:attachment":[{"href":"https:\/\/sarahsfund.ca\/fr\/wp-json\/wp\/v2\/media?parent=2636"}],"curies":[{"name":"wp","href":"https:\/\/api.w.org\/{rel}","templated":true}]}}