{"id":3950,"date":"2023-08-05T13:47:36","date_gmt":"2023-08-05T13:47:36","guid":{"rendered":"https:\/\/sarahsfund.ca\/founders-message\/"},"modified":"2025-03-20T19:21:31","modified_gmt":"2025-03-20T19:21:31","slug":"message-des-fondateurs","status":"publish","type":"page","link":"https:\/\/sarahsfund.ca\/fr\/message-des-fondateurs\/","title":{"rendered":"Message des fondateurs"},"content":{"rendered":"\t\t<div data-elementor-type=\"wp-page\" data-elementor-id=\"3950\" class=\"elementor elementor-3950 elementor-3942\">\n\t\t\t\t\t\t<section class=\"elementor-section elementor-top-section elementor-element elementor-element-81959e9 elementor-section-stretched elementor-section-height-min-height elementor-section-items-bottom elementor-section-boxed elementor-section-height-default\" data-id=\"81959e9\" data-element_type=\"section\" data-settings=\"{&quot;stretch_section&quot;:&quot;section-stretched&quot;,&quot;background_background&quot;:&quot;classic&quot;}\">\n\t\t\t\t\t\t<div class=\"elementor-container elementor-column-gap-default\">\n\t\t\t\t\t<div class=\"elementor-column elementor-col-100 elementor-top-column elementor-element elementor-element-4e7a060\" data-id=\"4e7a060\" data-element_type=\"column\">\n\t\t\t<div class=\"elementor-widget-wrap elementor-element-populated\">\n\t\t\t\t\t\t<div class=\"elementor-element elementor-element-e1b982f hero_section elementor-widget elementor-widget-heading\" data-id=\"e1b982f\" data-element_type=\"widget\" data-widget_type=\"heading.default\">\n\t\t\t\t<div class=\"elementor-widget-container\">\n\t\t\t\t\t<h2 class=\"elementor-heading-title elementor-size-default\">Message des fondateurs : <span class=\"extra_bold\">De notre famille \u00e0 la v\u00f4tre<\/span><\/h2>\t\t\t\t<\/div>\n\t\t\t\t<\/div>\n\t\t\t\t\t<\/div>\n\t\t<\/div>\n\t\t\t\t\t<\/div>\n\t\t<\/section>\n\t\t\t\t<section class=\"elementor-section elementor-top-section elementor-element elementor-element-2962556 elementor-section-boxed elementor-section-height-default elementor-section-height-default\" data-id=\"2962556\" data-element_type=\"section\">\n\t\t\t\t\t\t<div class=\"elementor-container elementor-column-gap-default\">\n\t\t\t\t\t<div class=\"elementor-column elementor-col-100 elementor-top-column elementor-element elementor-element-428463a\" data-id=\"428463a\" data-element_type=\"column\">\n\t\t\t<div class=\"elementor-widget-wrap elementor-element-populated\">\n\t\t\t\t\t\t<div class=\"elementor-element elementor-element-6b41f66 elementor-widget elementor-widget-text-editor\" data-id=\"6b41f66\" data-element_type=\"widget\" data-widget_type=\"text-editor.default\">\n\t\t\t\t<div class=\"elementor-widget-container\">\n\t\t\t\t\t\t\t\t\t<p>Nous sommes Lorena et Norman, les fiers parents de Sarah Cook et les fondateurs du Fonds Sarah pour les C\u00e8dres, qui se consacre \u00e0 am\u00e9liorer l\u2019exp\u00e9rience des enfants atteints de cancer pendant leur s\u00e9jour \u00e0 l\u2019Unit\u00e9 de soins de Sarah de l\u2019H\u00f4pital de Montr\u00e9al pour enfants, et \u00e0 fournir un soutien vital \u00e0 leurs familles. En tant que parents ayant eux-m\u00eames v\u00e9cu cette exp\u00e9rience, nous voulions prendre un moment pour partager avec vous notre histoire et la mission du Fonds Sarah.<\/p>\t\t\t\t\t\t\t\t<\/div>\n\t\t\t\t<\/div>\n\t\t\t\t<div class=\"elementor-element elementor-element-591eb30 elementor-widget elementor-widget-text-editor\" data-id=\"591eb30\" data-element_type=\"widget\" data-widget_type=\"text-editor.default\">\n\t\t\t\t<div class=\"elementor-widget-container\">\n\t\t\t\t\t\t\t\t\t<p>Il y a pr\u00e8s de 25 ans, notre fille, qui est devenue notre source d&rsquo;inspiration, a re\u00e7u un diagnostic de cancer \u00e0 l&rsquo;\u00e2ge de huit ans. Face \u00e0 cette nouvelle r\u00e9alit\u00e9, nos vies ont \u00e9t\u00e9 transform\u00e9es du jour au lendemain. Nous nous sommes retrouv\u00e9s \u00e0 passer d&rsquo;innombrables heures dans des chambres d&rsquo;h\u00f4pital et \u00e0 naviguer dans les complexit\u00e9s d\u00e9courageantes des soins contre le cancer.<\/p>\t\t\t\t\t\t\t\t<\/div>\n\t\t\t\t<\/div>\n\t\t\t\t<div class=\"elementor-element elementor-element-a03d09e elementor-widget elementor-widget-text-editor\" data-id=\"a03d09e\" data-element_type=\"widget\" data-widget_type=\"text-editor.default\">\n\t\t\t\t<div class=\"elementor-widget-container\">\n\t\t\t\t\t\t\t\t\tNous \u00e9tions terrifi\u00e9s et accabl\u00e9s. Pourtant, au milieu du chaos, nous avons trouv\u00e9 une certaine force. Et elle est venue de l&rsquo;endroit o\u00f9 nous nous y attendions le moins : Sarah elle-m\u00eame. Nous avons vu la r\u00e9silience, le courage et l&rsquo;objectif inimaginable dans les yeux de notre enfant, et nous l&rsquo;avons \u00e9cout\u00e9e poser des questions bien au-del\u00e0 de son \u00e2ge.\t\t\t\t\t\t\t\t<\/div>\n\t\t\t\t<\/div>\n\t\t\t\t<div class=\"elementor-element elementor-element-c97a7de elementor-widget elementor-widget-text-editor\" data-id=\"c97a7de\" data-element_type=\"widget\" data-widget_type=\"text-editor.default\">\n\t\t\t\t<div class=\"elementor-widget-container\">\n\t\t\t\t\t\t\t\t\tNous avons \u00e9galement fait l&rsquo;exp\u00e9rience directe de l&rsquo;incroyable pouvoir de la communaut\u00e9 et du soutien.\t\t\t\t\t\t\t\t<\/div>\n\t\t\t\t<\/div>\n\t\t\t\t<div class=\"elementor-element elementor-element-12b622c elementor-widget elementor-widget-text-editor\" data-id=\"12b622c\" data-element_type=\"widget\" data-widget_type=\"text-editor.default\">\n\t\t\t\t<div class=\"elementor-widget-container\">\n\t\t\t\t\t\t\t\t\tLes sourires bienveillants des infirmi\u00e8res qui ont fait un effort suppl\u00e9mentaire pour apporter du r\u00e9confort, les autres parents qui ont partag\u00e9 nos nuits blanches dans les salles d&rsquo;attente, les notes des amis de Sarah, les voisins qui ont envoy\u00e9 des colis attentionn\u00e9s &#8211; ces gestes, petits et grands, ont non seulement \u00e9gay\u00e9 nos journ\u00e9es, mais aussi rendu ce voyage difficile un peu plus supportable.\t\t\t\t\t\t\t\t<\/div>\n\t\t\t\t<\/div>\n\t\t\t\t<div class=\"elementor-element elementor-element-43850ab elementor-widget elementor-widget-text-editor\" data-id=\"43850ab\" data-element_type=\"widget\" data-widget_type=\"text-editor.default\">\n\t\t\t\t<div class=\"elementor-widget-container\">\n\t\t\t\t\t\t\t\t\tLorsque Sarah a commenc\u00e9 \u00e0 se r\u00e9tablir, nous avons su que nous voulions rendre la pareille. Nous voulions nous assurer que d&rsquo;autres familles confront\u00e9es \u00e0 une situation similaire aient acc\u00e8s au m\u00eame soutien et au m\u00eame amour que ceux qui nous avaient aid\u00e9s \u00e0 surmonter nos jours les plus difficiles.\t\t\t\t\t\t\t\t<\/div>\n\t\t\t\t<\/div>\n\t\t\t\t<div class=\"elementor-element elementor-element-989abb2 elementor-widget elementor-widget-text-editor\" data-id=\"989abb2\" data-element_type=\"widget\" data-widget_type=\"text-editor.default\">\n\t\t\t\t<div class=\"elementor-widget-container\">\n\t\t\t\t\t\t\t\t\tC&rsquo;est pourquoi nous avons cr\u00e9\u00e9 le Fonds Sarah.\t\t\t\t\t\t\t\t<\/div>\n\t\t\t\t<\/div>\n\t\t\t\t<div class=\"elementor-element elementor-element-28f4c72 elementor-widget elementor-widget-text-editor\" data-id=\"28f4c72\" data-element_type=\"widget\" data-widget_type=\"text-editor.default\">\n\t\t\t\t<div class=\"elementor-widget-container\">\n\t\t\t\t\t\t\t\t\tNous savions, de par notre propre exp\u00e9rience, que l&rsquo;h\u00f4pital devait \u00eatre transform\u00e9 en un v\u00e9ritable foyer pour les enfants affect\u00e9s et leurs familles. Des choses aussi simples qu&rsquo;un bon oreiller, un r\u00e9seau WiFi solide et fiable, des iPads pour chaque enfant, des salles de bain priv\u00e9es et des fruits frais dans la cuisine familiale font toute la diff\u00e9rence. \t\t\t\t\t\t\t\t<\/div>\n\t\t\t\t<\/div>\n\t\t\t\t<div class=\"elementor-element elementor-element-1babea9 elementor-widget elementor-widget-text-editor\" data-id=\"1babea9\" data-element_type=\"widget\" data-widget_type=\"text-editor.default\">\n\t\t\t\t<div class=\"elementor-widget-container\">\n\t\t\t\t\t\t\t\t\t<p>Notre objectif est d&rsquo;apporter un sentiment de normalit\u00e9, de confort et de soutien aux enfants et \u00e0 leurs familles pendant leur s\u00e9jour \u00e0 l&rsquo;h\u00f4pital. Nous fournissons des colis de soins remplis de jouets, de livres et d&rsquo;articles de soins personnels, cr\u00e9ons des espaces adapt\u00e9s aux enfants \u00e0 l\u2019Unit\u00e9 de soins de Sarah, finan\u00e7ons la zooth\u00e9rapie et offrons des ressources et un soutien aux parents et aux fr\u00e8res et s\u0153urs.<\/p>\t\t\t\t\t\t\t\t<\/div>\n\t\t\t\t<\/div>\n\t\t\t\t<div class=\"elementor-element elementor-element-a5eee9e elementor-widget elementor-widget-text-editor\" data-id=\"a5eee9e\" data-element_type=\"widget\" data-widget_type=\"text-editor.default\">\n\t\t\t\t<div class=\"elementor-widget-container\">\n\t\t\t\t\t\t\t\t\tLe Fonds Sarah est plus qu&rsquo;une simple organisation caritative, c&rsquo;est une communaut\u00e9. Une communaut\u00e9 qui s&rsquo;engage \u00e0 soutenir les familles lorsqu&rsquo;elles en ont le plus besoin, \u00e0 partager leurs joies et leurs peines et \u00e0 leur montrer qu&rsquo;elles ne sont pas seules.\t\t\t\t\t\t\t\t<\/div>\n\t\t\t\t<\/div>\n\t\t\t\t<div class=\"elementor-element elementor-element-70a55e3 elementor-widget elementor-widget-text-editor\" data-id=\"70a55e3\" data-element_type=\"widget\" data-widget_type=\"text-editor.default\">\n\t\t\t\t<div class=\"elementor-widget-container\">\n\t\t\t\t\t\t\t\t\tNous vous invitons \u00e0 nous rejoindre dans cette aventure. Il existe de nombreuses fa\u00e7ons de soutenir le Fonds Sarah, que ce soit en faisant un don, en donnant de votre temps ou simplement en partageant notre mission avec votre r\u00e9seau personnel. Votre soutien peut faire une grande diff\u00e9rence dans la vie des enfants atteints de cancer et de leurs familles.\t\t\t\t\t\t\t\t<\/div>\n\t\t\t\t<\/div>\n\t\t\t\t<div class=\"elementor-element elementor-element-b4496d4 elementor-widget elementor-widget-text-editor\" data-id=\"b4496d4\" data-element_type=\"widget\" data-widget_type=\"text-editor.default\">\n\t\t\t\t<div class=\"elementor-widget-container\">\n\t\t\t\t\t\t\t\t\t<p>Il nous reste encore beaucoup \u00e0 faire : investir des fonds suppl\u00e9mentaires dans la recherche et l&rsquo;innovation, financer davantage de d\u00e9veloppement professionnel pour les infirmi\u00e8res, veiller \u00e0 ce que les enfants de l\u2019Unit\u00e9 de soins de Sarah aient acc\u00e8s aux \u00e9quipements les plus r\u00e9cents pour leur traitement, et servir de passerelle pour les enfants comme Sarah qui quittent le syst\u00e8me de soins pour enfants et doivent naviguer dans le syst\u00e8me de soins pour adultes.<\/p>\t\t\t\t\t\t\t\t<\/div>\n\t\t\t\t<\/div>\n\t\t\t\t<div class=\"elementor-element elementor-element-d5ed641 elementor-widget elementor-widget-text-editor\" data-id=\"d5ed641\" data-element_type=\"widget\" data-widget_type=\"text-editor.default\">\n\t\t\t\t<div class=\"elementor-widget-container\">\n\t\t\t\t\t\t\t\t\t<p>Apr\u00e8s pr\u00e8s de 25 ans d\u2019existence de notre \u00e9v\u00e9nement annuel phare, Fl\u00e2nons dans la course, nous sommes parfaitement conscients de la fa\u00e7on dont de petits actes de gentillesse peuvent cr\u00e9er des vagues de gu\u00e9rison. Continuons \u00e0 faire de vraies vagues pour soutenir les enfants de l\u2019Unit\u00e9 de soins de Sarah.<\/p>\t\t\t\t\t\t\t\t<\/div>\n\t\t\t\t<\/div>\n\t\t\t\t<div class=\"elementor-element elementor-element-046c0d8 elementor-widget elementor-widget-text-editor\" data-id=\"046c0d8\" data-element_type=\"widget\" data-widget_type=\"text-editor.default\">\n\t\t\t\t<div class=\"elementor-widget-container\">\n\t\t\t\t\t\t\t\t\t<p>Avec nos remerciements les plus sinc\u00e8res,<\/p>\t\t\t\t\t\t\t\t<\/div>\n\t\t\t\t<\/div>\n\t\t\t\t<div class=\"elementor-element elementor-element-45a0ab5 elementor-widget elementor-widget-text-editor\" data-id=\"45a0ab5\" data-element_type=\"widget\" data-widget_type=\"text-editor.default\">\n\t\t\t\t<div class=\"elementor-widget-container\">\n\t\t\t\t\t\t\t\t\tLorena and Norman Cook\t\t\t\t\t\t\t\t<\/div>\n\t\t\t\t<\/div>\n\t\t\t\t\t<\/div>\n\t\t<\/div>\n\t\t\t\t\t<\/div>\n\t\t<\/section>\n\t\t\t\t<\/div>\n\t\t","protected":false},"excerpt":{"rendered":"<p>Message des fondateurs : De notre famille \u00e0 la v\u00f4tre Nous sommes Lorena et Norman, les fiers parents de Sarah Cook et les fondateurs du Fonds Sarah pour les C\u00e8dres, qui se consacre \u00e0 am\u00e9liorer l\u2019exp\u00e9rience des enfants atteints de cancer pendant leur s\u00e9jour \u00e0 l\u2019Unit\u00e9 de soins de Sarah de l\u2019H\u00f4pital de Montr\u00e9al pour [&hellip;]<\/p>\n","protected":false},"author":1,"featured_media":0,"parent":0,"menu_order":0,"comment_status":"closed","ping_status":"closed","template":"elementor_header_footer","meta":{"footnotes":""},"class_list":["post-3950","page","type-page","status-publish","hentry"],"yoast_head":"<!-- This site is optimized with the Yoast SEO plugin v24.2 - https:\/\/yoast.com\/wordpress\/plugins\/seo\/ -->\n<title>Message des fondateurs - Sarahs Fund<\/title>\n<meta name=\"robots\" content=\"index, follow, max-snippet:-1, max-image-preview:large, max-video-preview:-1\" \/>\n<link rel=\"canonical\" href=\"https:\/\/sarahsfund.ca\/fr\/message-des-fondateurs\/\" \/>\n<meta property=\"og:locale\" content=\"fr_FR\" \/>\n<meta property=\"og:type\" content=\"article\" \/>\n<meta property=\"og:title\" content=\"Message des fondateurs - Sarahs Fund\" \/>\n<meta property=\"og:description\" content=\"Message des fondateurs : De notre famille \u00e0 la v\u00f4tre Nous sommes Lorena et Norman, les fiers parents de Sarah Cook et les fondateurs du Fonds Sarah pour les C\u00e8dres, qui se consacre \u00e0 am\u00e9liorer l\u2019exp\u00e9rience des enfants atteints de cancer pendant leur s\u00e9jour \u00e0 l\u2019Unit\u00e9 de soins de Sarah de l\u2019H\u00f4pital de Montr\u00e9al pour [&hellip;]\" \/>\n<meta property=\"og:url\" content=\"https:\/\/sarahsfund.ca\/fr\/message-des-fondateurs\/\" \/>\n<meta property=\"og:site_name\" content=\"Sarahs Fund\" \/>\n<meta property=\"article:publisher\" content=\"https:\/\/www.facebook.com\/Fondssarah.sarahsfundcedars\" \/>\n<meta property=\"article:modified_time\" content=\"2025-03-20T19:21:31+00:00\" \/>\n<meta name=\"twitter:card\" content=\"summary_large_image\" \/>\n<meta name=\"twitter:label1\" content=\"Dur\u00e9e de lecture estim\u00e9e\" \/>\n\t<meta name=\"twitter:data1\" content=\"4 minutes\" \/>\n<script type=\"application\/ld+json\" class=\"yoast-schema-graph\">{\"@context\":\"https:\/\/schema.org\",\"@graph\":[{\"@type\":\"WebPage\",\"@id\":\"https:\/\/sarahsfund.ca\/fr\/message-des-fondateurs\/\",\"url\":\"https:\/\/sarahsfund.ca\/fr\/message-des-fondateurs\/\",\"name\":\"Message des fondateurs - Sarahs Fund\",\"isPartOf\":{\"@id\":\"https:\/\/sarahsfund.ca\/#website\"},\"datePublished\":\"2023-08-05T13:47:36+00:00\",\"dateModified\":\"2025-03-20T19:21:31+00:00\",\"breadcrumb\":{\"@id\":\"https:\/\/sarahsfund.ca\/fr\/message-des-fondateurs\/#breadcrumb\"},\"inLanguage\":\"fr-FR\",\"potentialAction\":[{\"@type\":\"ReadAction\",\"target\":[\"https:\/\/sarahsfund.ca\/fr\/message-des-fondateurs\/\"]}]},{\"@type\":\"BreadcrumbList\",\"@id\":\"https:\/\/sarahsfund.ca\/fr\/message-des-fondateurs\/#breadcrumb\",\"itemListElement\":[{\"@type\":\"ListItem\",\"position\":1,\"name\":\"Home\",\"item\":\"https:\/\/sarahsfund.ca\/fr\/\"},{\"@type\":\"ListItem\",\"position\":2,\"name\":\"Message des fondateurs\"}]},{\"@type\":\"WebSite\",\"@id\":\"https:\/\/sarahsfund.ca\/#website\",\"url\":\"https:\/\/sarahsfund.ca\/\",\"name\":\"Sarahs Fund\",\"description\":\"\",\"publisher\":{\"@id\":\"https:\/\/sarahsfund.ca\/#organization\"},\"potentialAction\":[{\"@type\":\"SearchAction\",\"target\":{\"@type\":\"EntryPoint\",\"urlTemplate\":\"https:\/\/sarahsfund.ca\/?s={search_term_string}\"},\"query-input\":{\"@type\":\"PropertyValueSpecification\",\"valueRequired\":true,\"valueName\":\"search_term_string\"}}],\"inLanguage\":\"fr-FR\"},{\"@type\":\"Organization\",\"@id\":\"https:\/\/sarahsfund.ca\/#organization\",\"name\":\"Sarahs Fund\",\"url\":\"https:\/\/sarahsfund.ca\/\",\"logo\":{\"@type\":\"ImageObject\",\"inLanguage\":\"fr-FR\",\"@id\":\"https:\/\/sarahsfund.ca\/#\/schema\/logo\/image\/\",\"url\":\"https:\/\/sarahsfund.ca\/wp-content\/uploads\/2023\/01\/sarah-logo.png\",\"contentUrl\":\"https:\/\/sarahsfund.ca\/wp-content\/uploads\/2023\/01\/sarah-logo.png\",\"width\":230,\"height\":160,\"caption\":\"Sarahs Fund\"},\"image\":{\"@id\":\"https:\/\/sarahsfund.ca\/#\/schema\/logo\/image\/\"},\"sameAs\":[\"https:\/\/www.facebook.com\/Fondssarah.sarahsfundcedars\",\"https:\/\/www.instagram.com\/fondssarah_sarahsfundcedars\/\"]}]}<\/script>\n<!-- \/ Yoast SEO plugin. -->","yoast_head_json":{"title":"Message des fondateurs - Sarahs Fund","robots":{"index":"index","follow":"follow","max-snippet":"max-snippet:-1","max-image-preview":"max-image-preview:large","max-video-preview":"max-video-preview:-1"},"canonical":"https:\/\/sarahsfund.ca\/fr\/message-des-fondateurs\/","og_locale":"fr_FR","og_type":"article","og_title":"Message des fondateurs - Sarahs Fund","og_description":"Message des fondateurs : De notre famille \u00e0 la v\u00f4tre Nous sommes Lorena et Norman, les fiers parents de Sarah Cook et les fondateurs du Fonds Sarah pour les C\u00e8dres, qui se consacre \u00e0 am\u00e9liorer l\u2019exp\u00e9rience des enfants atteints de cancer pendant leur s\u00e9jour \u00e0 l\u2019Unit\u00e9 de soins de Sarah de l\u2019H\u00f4pital de Montr\u00e9al pour [&hellip;]","og_url":"https:\/\/sarahsfund.ca\/fr\/message-des-fondateurs\/","og_site_name":"Sarahs Fund","article_publisher":"https:\/\/www.facebook.com\/Fondssarah.sarahsfundcedars","article_modified_time":"2025-03-20T19:21:31+00:00","twitter_card":"summary_large_image","twitter_misc":{"Dur\u00e9e de lecture estim\u00e9e":"4 minutes"},"schema":{"@context":"https:\/\/schema.org","@graph":[{"@type":"WebPage","@id":"https:\/\/sarahsfund.ca\/fr\/message-des-fondateurs\/","url":"https:\/\/sarahsfund.ca\/fr\/message-des-fondateurs\/","name":"Message des fondateurs - Sarahs Fund","isPartOf":{"@id":"https:\/\/sarahsfund.ca\/#website"},"datePublished":"2023-08-05T13:47:36+00:00","dateModified":"2025-03-20T19:21:31+00:00","breadcrumb":{"@id":"https:\/\/sarahsfund.ca\/fr\/message-des-fondateurs\/#breadcrumb"},"inLanguage":"fr-FR","potentialAction":[{"@type":"ReadAction","target":["https:\/\/sarahsfund.ca\/fr\/message-des-fondateurs\/"]}]},{"@type":"BreadcrumbList","@id":"https:\/\/sarahsfund.ca\/fr\/message-des-fondateurs\/#breadcrumb","itemListElement":[{"@type":"ListItem","position":1,"name":"Home","item":"https:\/\/sarahsfund.ca\/fr\/"},{"@type":"ListItem","position":2,"name":"Message des fondateurs"}]},{"@type":"WebSite","@id":"https:\/\/sarahsfund.ca\/#website","url":"https:\/\/sarahsfund.ca\/","name":"Sarahs Fund","description":"","publisher":{"@id":"https:\/\/sarahsfund.ca\/#organization"},"potentialAction":[{"@type":"SearchAction","target":{"@type":"EntryPoint","urlTemplate":"https:\/\/sarahsfund.ca\/?s={search_term_string}"},"query-input":{"@type":"PropertyValueSpecification","valueRequired":true,"valueName":"search_term_string"}}],"inLanguage":"fr-FR"},{"@type":"Organization","@id":"https:\/\/sarahsfund.ca\/#organization","name":"Sarahs Fund","url":"https:\/\/sarahsfund.ca\/","logo":{"@type":"ImageObject","inLanguage":"fr-FR","@id":"https:\/\/sarahsfund.ca\/#\/schema\/logo\/image\/","url":"https:\/\/sarahsfund.ca\/wp-content\/uploads\/2023\/01\/sarah-logo.png","contentUrl":"https:\/\/sarahsfund.ca\/wp-content\/uploads\/2023\/01\/sarah-logo.png","width":230,"height":160,"caption":"Sarahs Fund"},"image":{"@id":"https:\/\/sarahsfund.ca\/#\/schema\/logo\/image\/"},"sameAs":["https:\/\/www.facebook.com\/Fondssarah.sarahsfundcedars","https:\/\/www.instagram.com\/fondssarah_sarahsfundcedars\/"]}]}},"_links":{"self":[{"href":"https:\/\/sarahsfund.ca\/fr\/wp-json\/wp\/v2\/pages\/3950","targetHints":{"allow":["GET"]}}],"collection":[{"href":"https:\/\/sarahsfund.ca\/fr\/wp-json\/wp\/v2\/pages"}],"about":[{"href":"https:\/\/sarahsfund.ca\/fr\/wp-json\/wp\/v2\/types\/page"}],"author":[{"embeddable":true,"href":"https:\/\/sarahsfund.ca\/fr\/wp-json\/wp\/v2\/users\/1"}],"replies":[{"embeddable":true,"href":"https:\/\/sarahsfund.ca\/fr\/wp-json\/wp\/v2\/comments?post=3950"}],"version-history":[{"count":7,"href":"https:\/\/sarahsfund.ca\/fr\/wp-json\/wp\/v2\/pages\/3950\/revisions"}],"predecessor-version":[{"id":4510,"href":"https:\/\/sarahsfund.ca\/fr\/wp-json\/wp\/v2\/pages\/3950\/revisions\/4510"}],"wp:attachment":[{"href":"https:\/\/sarahsfund.ca\/fr\/wp-json\/wp\/v2\/media?parent=3950"}],"curies":[{"name":"wp","href":"https:\/\/api.w.org\/{rel}","templated":true}]}}